{"id":507,"date":"2024-02-28T16:35:37","date_gmt":"2024-02-28T13:35:37","guid":{"rendered":"https:\/\/www.nscicmimarlik.com\/?page_id=507"},"modified":"2024-03-02T16:05:10","modified_gmt":"2024-03-02T13:05:10","slug":"ba-oto-galeri","status":"publish","type":"page","link":"https:\/\/www.nscicmimarlik.com\/index.php\/ba-oto-galeri\/","title":{"rendered":"BA Oto Galeri"},"content":{"rendered":"\t\t<div data-elementor-type=\"wp-page\" data-elementor-id=\"507\" class=\"elementor elementor-507\" data-elementor-post-type=\"page\">\n\t\t\t\t\t\t<section class=\"elementor-section elementor-top-section elementor-element elementor-element-5ce9d1d elementor-section-height-min-height elementor-section-boxed elementor-section-height-default elementor-section-items-middle\" data-id=\"5ce9d1d\" data-element_type=\"section\" data-e-type=\"section\" data-settings=\"{&quot;background_background&quot;:&quot;classic&quot;}\">\n\t\t\t\t\t\t\t<div class=\"elementor-background-overlay\"><\/div>\n\t\t\t\t\t\t\t<div class=\"elementor-container elementor-column-gap-default\">\n\t\t\t\t\t<div class=\"elementor-column elementor-col-100 elementor-top-column elementor-element elementor-element-8639571\" data-id=\"8639571\" data-element_type=\"column\" data-e-type=\"column\">\n\t\t\t<div class=\"elementor-widget-wrap elementor-element-populated\">\n\t\t\t\t\t\t\t<\/div>\n\t\t<\/div>\n\t\t\t\t\t<\/div>\n\t\t<\/section>\n\t\t\t\t<section class=\"elementor-section elementor-top-section elementor-element elementor-element-3b44332 elementor-section-boxed elementor-section-height-default elementor-section-height-default\" data-id=\"3b44332\" data-element_type=\"section\" data-e-type=\"section\" data-settings=\"{&quot;background_background&quot;:&quot;classic&quot;}\">\n\t\t\t\t\t\t<div class=\"elementor-container elementor-column-gap-default\">\n\t\t\t\t\t<div class=\"elementor-column elementor-col-50 elementor-top-column elementor-element elementor-element-6bbcfc8\" data-id=\"6bbcfc8\" data-element_type=\"column\" data-e-type=\"column\">\n\t\t\t<div class=\"elementor-widget-wrap elementor-element-populated\">\n\t\t\t\t\t\t<div class=\"elementor-element elementor-element-1d1a689 elementor-position-left elementor-vertical-align-middle elementor-widget elementor-widget-image-box\" data-id=\"1d1a689\" data-element_type=\"widget\" data-e-type=\"widget\" data-widget_type=\"image-box.default\">\n\t\t\t\t<div class=\"elementor-widget-container\">\n\t\t\t\t\t<div class=\"elementor-image-box-wrapper\"><figure class=\"elementor-image-box-img\"><img fetchpriority=\"high\" decoding=\"async\" width=\"500\" height=\"500\" src=\"https:\/\/www.nscicmimarlik.com\/wp-content\/uploads\/2024\/02\/nsc-icmimarlik-icon.webp\" class=\"attachment-full size-full wp-image-310\" alt=\"\" srcset=\"https:\/\/www.nscicmimarlik.com\/wp-content\/uploads\/2024\/02\/nsc-icmimarlik-icon.webp 500w, https:\/\/www.nscicmimarlik.com\/wp-content\/uploads\/2024\/02\/nsc-icmimarlik-icon-300x300.webp 300w, https:\/\/www.nscicmimarlik.com\/wp-content\/uploads\/2024\/02\/nsc-icmimarlik-icon-150x150.webp 150w\" sizes=\"(max-width: 500px) 100vw, 500px\" \/><\/figure><div class=\"elementor-image-box-content\"><h5 class=\"elementor-image-box-title\">2024<\/h5><\/div><\/div>\t\t\t\t<\/div>\n\t\t\t\t<\/div>\n\t\t\t\t<div class=\"elementor-element elementor-element-8a428ff elementor-position-left elementor-vertical-align-middle elementor-widget elementor-widget-image-box\" data-id=\"8a428ff\" data-element_type=\"widget\" data-e-type=\"widget\" data-widget_type=\"image-box.default\">\n\t\t\t\t<div class=\"elementor-widget-container\">\n\t\t\t\t\t<div class=\"elementor-image-box-wrapper\"><figure class=\"elementor-image-box-img\"><img decoding=\"async\" width=\"500\" height=\"500\" src=\"https:\/\/www.nscicmimarlik.com\/wp-content\/uploads\/2024\/02\/nscicmimarlik-icon-3.webp\" class=\"attachment-full size-full wp-image-312\" alt=\"\" srcset=\"https:\/\/www.nscicmimarlik.com\/wp-content\/uploads\/2024\/02\/nscicmimarlik-icon-3.webp 500w, https:\/\/www.nscicmimarlik.com\/wp-content\/uploads\/2024\/02\/nscicmimarlik-icon-3-300x300.webp 300w, https:\/\/www.nscicmimarlik.com\/wp-content\/uploads\/2024\/02\/nscicmimarlik-icon-3-150x150.webp 150w\" sizes=\"(max-width: 500px) 100vw, 500px\" \/><\/figure><div class=\"elementor-image-box-content\"><h5 class=\"elementor-image-box-title\">\u0130\u00e7 Mekan - D\u0131\u015f Cephe<\/h5><\/div><\/div>\t\t\t\t<\/div>\n\t\t\t\t<\/div>\n\t\t\t\t<div class=\"elementor-element elementor-element-7200e9c elementor-position-left elementor-vertical-align-middle elementor-widget elementor-widget-image-box\" data-id=\"7200e9c\" data-element_type=\"widget\" data-e-type=\"widget\" data-widget_type=\"image-box.default\">\n\t\t\t\t<div class=\"elementor-widget-container\">\n\t\t\t\t\t<div class=\"elementor-image-box-wrapper\"><figure class=\"elementor-image-box-img\"><img decoding=\"async\" width=\"500\" height=\"500\" src=\"https:\/\/www.nscicmimarlik.com\/wp-content\/uploads\/2024\/02\/nscicmimarlik-icon-2.webp\" class=\"attachment-full size-full wp-image-311\" alt=\"\" srcset=\"https:\/\/www.nscicmimarlik.com\/wp-content\/uploads\/2024\/02\/nscicmimarlik-icon-2.webp 500w, https:\/\/www.nscicmimarlik.com\/wp-content\/uploads\/2024\/02\/nscicmimarlik-icon-2-300x300.webp 300w, https:\/\/www.nscicmimarlik.com\/wp-content\/uploads\/2024\/02\/nscicmimarlik-icon-2-150x150.webp 150w\" sizes=\"(max-width: 500px) 100vw, 500px\" \/><\/figure><div class=\"elementor-image-box-content\"><h5 class=\"elementor-image-box-title\">200+<\/h5><\/div><\/div>\t\t\t\t<\/div>\n\t\t\t\t<\/div>\n\t\t\t\t<div class=\"elementor-element elementor-element-7298a11 elementor-position-left elementor-vertical-align-middle elementor-widget elementor-widget-image-box\" data-id=\"7298a11\" data-element_type=\"widget\" data-e-type=\"widget\" data-widget_type=\"image-box.default\">\n\t\t\t\t<div class=\"elementor-widget-container\">\n\t\t\t\t\t<div class=\"elementor-image-box-wrapper\"><figure class=\"elementor-image-box-img\"><img loading=\"lazy\" decoding=\"async\" width=\"500\" height=\"500\" src=\"https:\/\/www.nscicmimarlik.com\/wp-content\/uploads\/2024\/02\/nscicmimarlik-4.webp\" class=\"attachment-full size-full wp-image-309\" alt=\"\" srcset=\"https:\/\/www.nscicmimarlik.com\/wp-content\/uploads\/2024\/02\/nscicmimarlik-4.webp 500w, https:\/\/www.nscicmimarlik.com\/wp-content\/uploads\/2024\/02\/nscicmimarlik-4-300x300.webp 300w, https:\/\/www.nscicmimarlik.com\/wp-content\/uploads\/2024\/02\/nscicmimarlik-4-150x150.webp 150w\" sizes=\"(max-width: 500px) 100vw, 500px\" \/><\/figure><div class=\"elementor-image-box-content\"><h5 class=\"elementor-image-box-title\">Konya<\/h5><\/div><\/div>\t\t\t\t<\/div>\n\t\t\t\t<\/div>\n\t\t\t\t<div class=\"elementor-element elementor-element-b86f417 elementor-widget elementor-widget-spacer\" data-id=\"b86f417\" data-element_type=\"widget\" data-e-type=\"widget\" data-widget_type=\"spacer.default\">\n\t\t\t\t<div class=\"elementor-widget-container\">\n\t\t\t\t\t\t\t<div class=\"elementor-spacer\">\n\t\t\t<div class=\"elementor-spacer-inner\"><\/div>\n\t\t<\/div>\n\t\t\t\t\t\t<\/div>\n\t\t\t\t<\/div>\n\t\t\t\t<div class=\"elementor-element elementor-element-07f9539 elementor-widget elementor-widget-spacer\" data-id=\"07f9539\" data-element_type=\"widget\" data-e-type=\"widget\" data-widget_type=\"spacer.default\">\n\t\t\t\t<div class=\"elementor-widget-container\">\n\t\t\t\t\t\t\t<div class=\"elementor-spacer\">\n\t\t\t<div class=\"elementor-spacer-inner\"><\/div>\n\t\t<\/div>\n\t\t\t\t\t\t<\/div>\n\t\t\t\t<\/div>\n\t\t\t\t\t<\/div>\n\t\t<\/div>\n\t\t\t\t<div class=\"elementor-column elementor-col-50 elementor-top-column elementor-element elementor-element-9936704\" data-id=\"9936704\" data-element_type=\"column\" data-e-type=\"column\">\n\t\t\t<div class=\"elementor-widget-wrap elementor-element-populated\">\n\t\t\t\t\t\t<div class=\"elementor-element elementor-element-e6722cf elementor-widget elementor-widget-gallery\" data-id=\"e6722cf\" data-element_type=\"widget\" data-e-type=\"widget\" data-settings=\"{&quot;gallery_layout&quot;:&quot;masonry&quot;,&quot;columns&quot;:2,&quot;lazyload&quot;:&quot;yes&quot;,&quot;columns_tablet&quot;:2,&quot;columns_mobile&quot;:1,&quot;gap&quot;:{&quot;unit&quot;:&quot;px&quot;,&quot;size&quot;:10,&quot;sizes&quot;:[]},&quot;gap_tablet&quot;:{&quot;unit&quot;:&quot;px&quot;,&quot;size&quot;:10,&quot;sizes&quot;:[]},&quot;gap_mobile&quot;:{&quot;unit&quot;:&quot;px&quot;,&quot;size&quot;:10,&quot;sizes&quot;:[]},&quot;link_to&quot;:&quot;file&quot;,&quot;overlay_background&quot;:&quot;yes&quot;,&quot;content_hover_animation&quot;:&quot;fade-in&quot;}\" data-widget_type=\"gallery.default\">\n\t\t\t\t<div class=\"elementor-widget-container\">\n\t\t\t\t\t\t\t<div class=\"elementor-gallery__container\">\n\t\t\t\t\t\t\t<a class=\"e-gallery-item elementor-gallery-item elementor-animated-content\" href=\"https:\/\/www.nscicmimarlik.com\/wp-content\/uploads\/2024\/02\/OTO-GALERI-TASARIMI-1-1.webp\" data-elementor-open-lightbox=\"yes\" data-elementor-lightbox-slideshow=\"e6722cf\" data-elementor-lightbox-title=\"OTO GALER\u0130 TASARIMI 1 (1)\" data-e-action-hash=\"#elementor-action%3Aaction%3Dlightbox%26settings%3DeyJpZCI6NDI0LCJ1cmwiOiJodHRwczpcL1wvd3d3Lm5zY2ljbWltYXJsaWsuY29tXC93cC1jb250ZW50XC91cGxvYWRzXC8yMDI0XC8wMlwvT1RPLUdBTEVSSS1UQVNBUklNSS0xLTEud2VicCIsInNsaWRlc2hvdyI6ImU2NzIyY2YifQ%3D%3D\">\n\t\t\t\t\t<div class=\"e-gallery-image elementor-gallery-item__image\" data-thumbnail=\"https:\/\/www.nscicmimarlik.com\/wp-content\/uploads\/2024\/02\/OTO-GALERI-TASARIMI-1-1.webp\" data-width=\"2048\" data-height=\"1152\" aria-label=\"\" role=\"img\" ><\/div>\n\t\t\t\t\t\t\t\t\t\t\t<div class=\"elementor-gallery-item__overlay\"><\/div>\n\t\t\t\t\t\t\t\t\t\t\t\t\t\t<\/a>\n\t\t\t\t\t\t\t<a class=\"e-gallery-item elementor-gallery-item elementor-animated-content\" href=\"https:\/\/www.nscicmimarlik.com\/wp-content\/uploads\/2024\/02\/OTO-GALERI-TASARIMI-8.webp\" data-elementor-open-lightbox=\"yes\" data-elementor-lightbox-slideshow=\"e6722cf\" data-elementor-lightbox-title=\"OTO GALER\u0130 TASARIMI 8\" data-e-action-hash=\"#elementor-action%3Aaction%3Dlightbox%26settings%3DeyJpZCI6NDI1LCJ1cmwiOiJodHRwczpcL1wvd3d3Lm5zY2ljbWltYXJsaWsuY29tXC93cC1jb250ZW50XC91cGxvYWRzXC8yMDI0XC8wMlwvT1RPLUdBTEVSSS1UQVNBUklNSS04LndlYnAiLCJzbGlkZXNob3ciOiJlNjcyMmNmIn0%3D\">\n\t\t\t\t\t<div class=\"e-gallery-image elementor-gallery-item__image\" data-thumbnail=\"https:\/\/www.nscicmimarlik.com\/wp-content\/uploads\/2024\/02\/OTO-GALERI-TASARIMI-8.webp\" data-width=\"2048\" data-height=\"1152\" aria-label=\"\" role=\"img\" ><\/div>\n\t\t\t\t\t\t\t\t\t\t\t<div class=\"elementor-gallery-item__overlay\"><\/div>\n\t\t\t\t\t\t\t\t\t\t\t\t\t\t<\/a>\n\t\t\t\t\t\t\t<a class=\"e-gallery-item elementor-gallery-item elementor-animated-content\" href=\"https:\/\/www.nscicmimarlik.com\/wp-content\/uploads\/2024\/02\/OTO-GALERI-TASARIMI-4.webp\" data-elementor-open-lightbox=\"yes\" data-elementor-lightbox-slideshow=\"e6722cf\" data-elementor-lightbox-title=\"OTO GALER\u0130 TASARIMI 4\" data-e-action-hash=\"#elementor-action%3Aaction%3Dlightbox%26settings%3DeyJpZCI6NDM4LCJ1cmwiOiJodHRwczpcL1wvd3d3Lm5zY2ljbWltYXJsaWsuY29tXC93cC1jb250ZW50XC91cGxvYWRzXC8yMDI0XC8wMlwvT1RPLUdBTEVSSS1UQVNBUklNSS00LndlYnAiLCJzbGlkZXNob3ciOiJlNjcyMmNmIn0%3D\">\n\t\t\t\t\t<div class=\"e-gallery-image elementor-gallery-item__image\" data-thumbnail=\"https:\/\/www.nscicmimarlik.com\/wp-content\/uploads\/2024\/02\/OTO-GALERI-TASARIMI-4.webp\" data-width=\"1600\" data-height=\"900\" aria-label=\"\" role=\"img\" ><\/div>\n\t\t\t\t\t\t\t\t\t\t\t<div class=\"elementor-gallery-item__overlay\"><\/div>\n\t\t\t\t\t\t\t\t\t\t\t\t\t\t<\/a>\n\t\t\t\t\t\t\t<a class=\"e-gallery-item elementor-gallery-item elementor-animated-content\" href=\"https:\/\/www.nscicmimarlik.com\/wp-content\/uploads\/2024\/02\/OTO-GALERI-TASARIMI-7.webp\" data-elementor-open-lightbox=\"yes\" data-elementor-lightbox-slideshow=\"e6722cf\" data-elementor-lightbox-title=\"OTO GALER\u0130 TASARIMI 7\" data-e-action-hash=\"#elementor-action%3Aaction%3Dlightbox%26settings%3DeyJpZCI6NDMyLCJ1cmwiOiJodHRwczpcL1wvd3d3Lm5zY2ljbWltYXJsaWsuY29tXC93cC1jb250ZW50XC91cGxvYWRzXC8yMDI0XC8wMlwvT1RPLUdBTEVSSS1UQVNBUklNSS03LndlYnAiLCJzbGlkZXNob3ciOiJlNjcyMmNmIn0%3D\">\n\t\t\t\t\t<div class=\"e-gallery-image elementor-gallery-item__image\" data-thumbnail=\"https:\/\/www.nscicmimarlik.com\/wp-content\/uploads\/2024\/02\/OTO-GALERI-TASARIMI-7.webp\" data-width=\"1600\" data-height=\"900\" aria-label=\"\" role=\"img\" ><\/div>\n\t\t\t\t\t\t\t\t\t\t\t<div class=\"elementor-gallery-item__overlay\"><\/div>\n\t\t\t\t\t\t\t\t\t\t\t\t\t\t<\/a>\n\t\t\t\t\t\t\t<a class=\"e-gallery-item elementor-gallery-item elementor-animated-content\" href=\"https:\/\/www.nscicmimarlik.com\/wp-content\/uploads\/2024\/02\/OTO-GALERI-TASARIMI-5.webp\" data-elementor-open-lightbox=\"yes\" data-elementor-lightbox-slideshow=\"e6722cf\" data-elementor-lightbox-title=\"OTO GALER\u0130 TASARIMI 5\" data-e-action-hash=\"#elementor-action%3Aaction%3Dlightbox%26settings%3DeyJpZCI6NDM2LCJ1cmwiOiJodHRwczpcL1wvd3d3Lm5zY2ljbWltYXJsaWsuY29tXC93cC1jb250ZW50XC91cGxvYWRzXC8yMDI0XC8wMlwvT1RPLUdBTEVSSS1UQVNBUklNSS01LndlYnAiLCJzbGlkZXNob3ciOiJlNjcyMmNmIn0%3D\">\n\t\t\t\t\t<div class=\"e-gallery-image elementor-gallery-item__image\" data-thumbnail=\"https:\/\/www.nscicmimarlik.com\/wp-content\/uploads\/2024\/02\/OTO-GALERI-TASARIMI-5.webp\" data-width=\"1600\" data-height=\"900\" aria-label=\"\" role=\"img\" ><\/div>\n\t\t\t\t\t\t\t\t\t\t\t<div class=\"elementor-gallery-item__overlay\"><\/div>\n\t\t\t\t\t\t\t\t\t\t\t\t\t\t<\/a>\n\t\t\t\t\t\t\t<a class=\"e-gallery-item elementor-gallery-item elementor-animated-content\" href=\"https:\/\/www.nscicmimarlik.com\/wp-content\/uploads\/2024\/02\/OTO-GALERI-TASARIMI-3-1.webp\" data-elementor-open-lightbox=\"yes\" data-elementor-lightbox-slideshow=\"e6722cf\" data-elementor-lightbox-title=\"OTO GALER\u0130 TASARIMI 3 (1)\" data-e-action-hash=\"#elementor-action%3Aaction%3Dlightbox%26settings%3DeyJpZCI6NDI5LCJ1cmwiOiJodHRwczpcL1wvd3d3Lm5zY2ljbWltYXJsaWsuY29tXC93cC1jb250ZW50XC91cGxvYWRzXC8yMDI0XC8wMlwvT1RPLUdBTEVSSS1UQVNBUklNSS0zLTEud2VicCIsInNsaWRlc2hvdyI6ImU2NzIyY2YifQ%3D%3D\">\n\t\t\t\t\t<div class=\"e-gallery-image elementor-gallery-item__image\" data-thumbnail=\"https:\/\/www.nscicmimarlik.com\/wp-content\/uploads\/2024\/02\/OTO-GALERI-TASARIMI-3-1.webp\" data-width=\"2048\" data-height=\"1152\" aria-label=\"\" role=\"img\" ><\/div>\n\t\t\t\t\t\t\t\t\t\t\t<div class=\"elementor-gallery-item__overlay\"><\/div>\n\t\t\t\t\t\t\t\t\t\t\t\t\t\t<\/a>\n\t\t\t\t\t\t\t<a class=\"e-gallery-item elementor-gallery-item elementor-animated-content\" href=\"https:\/\/www.nscicmimarlik.com\/wp-content\/uploads\/2024\/02\/OTO-GALERI-TASARIMI-2-1.webp\" data-elementor-open-lightbox=\"yes\" data-elementor-lightbox-slideshow=\"e6722cf\" data-elementor-lightbox-title=\"OTO GALER\u0130 TASARIMI 2 (1)\" data-e-action-hash=\"#elementor-action%3Aaction%3Dlightbox%26settings%3DeyJpZCI6NDI3LCJ1cmwiOiJodHRwczpcL1wvd3d3Lm5zY2ljbWltYXJsaWsuY29tXC93cC1jb250ZW50XC91cGxvYWRzXC8yMDI0XC8wMlwvT1RPLUdBTEVSSS1UQVNBUklNSS0yLTEud2VicCIsInNsaWRlc2hvdyI6ImU2NzIyY2YifQ%3D%3D\">\n\t\t\t\t\t<div class=\"e-gallery-image elementor-gallery-item__image\" data-thumbnail=\"https:\/\/www.nscicmimarlik.com\/wp-content\/uploads\/2024\/02\/OTO-GALERI-TASARIMI-2-1.webp\" data-width=\"2048\" data-height=\"1152\" aria-label=\"\" role=\"img\" ><\/div>\n\t\t\t\t\t\t\t\t\t\t\t<div class=\"elementor-gallery-item__overlay\"><\/div>\n\t\t\t\t\t\t\t\t\t\t\t\t\t\t<\/a>\n\t\t\t\t\t\t\t<a class=\"e-gallery-item elementor-gallery-item elementor-animated-content\" href=\"https:\/\/www.nscicmimarlik.com\/wp-content\/uploads\/2024\/02\/OTO-GALERI-TASARIMI-4-1.webp\" data-elementor-open-lightbox=\"yes\" data-elementor-lightbox-slideshow=\"e6722cf\" data-elementor-lightbox-title=\"OTO GALER\u0130 TASARIMI 4 (1)\" data-e-action-hash=\"#elementor-action%3Aaction%3Dlightbox%26settings%3DeyJpZCI6NDM3LCJ1cmwiOiJodHRwczpcL1wvd3d3Lm5zY2ljbWltYXJsaWsuY29tXC93cC1jb250ZW50XC91cGxvYWRzXC8yMDI0XC8wMlwvT1RPLUdBTEVSSS1UQVNBUklNSS00LTEud2VicCIsInNsaWRlc2hvdyI6ImU2NzIyY2YifQ%3D%3D\">\n\t\t\t\t\t<div class=\"e-gallery-image elementor-gallery-item__image\" data-thumbnail=\"https:\/\/www.nscicmimarlik.com\/wp-content\/uploads\/2024\/02\/OTO-GALERI-TASARIMI-4-1.webp\" data-width=\"1600\" data-height=\"1056\" aria-label=\"\" role=\"img\" ><\/div>\n\t\t\t\t\t\t\t\t\t\t\t<div class=\"elementor-gallery-item__overlay\"><\/div>\n\t\t\t\t\t\t\t\t\t\t\t\t\t\t<\/a>\n\t\t\t\t\t\t\t<a class=\"e-gallery-item elementor-gallery-item elementor-animated-content\" href=\"https:\/\/www.nscicmimarlik.com\/wp-content\/uploads\/2024\/02\/OTO-GALERI-TASARIMI-6-1.webp\" data-elementor-open-lightbox=\"yes\" data-elementor-lightbox-slideshow=\"e6722cf\" data-elementor-lightbox-title=\"OTO GALER\u0130 TASARIMI 6 (1)\" data-e-action-hash=\"#elementor-action%3Aaction%3Dlightbox%26settings%3DeyJpZCI6NDMzLCJ1cmwiOiJodHRwczpcL1wvd3d3Lm5zY2ljbWltYXJsaWsuY29tXC93cC1jb250ZW50XC91cGxvYWRzXC8yMDI0XC8wMlwvT1RPLUdBTEVSSS1UQVNBUklNSS02LTEud2VicCIsInNsaWRlc2hvdyI6ImU2NzIyY2YifQ%3D%3D\">\n\t\t\t\t\t<div class=\"e-gallery-image elementor-gallery-item__image\" data-thumbnail=\"https:\/\/www.nscicmimarlik.com\/wp-content\/uploads\/2024\/02\/OTO-GALERI-TASARIMI-6-1.webp\" data-width=\"1600\" data-height=\"1056\" aria-label=\"\" role=\"img\" ><\/div>\n\t\t\t\t\t\t\t\t\t\t\t<div class=\"elementor-gallery-item__overlay\"><\/div>\n\t\t\t\t\t\t\t\t\t\t\t\t\t\t<\/a>\n\t\t\t\t\t\t\t<a class=\"e-gallery-item elementor-gallery-item elementor-animated-content\" href=\"https:\/\/www.nscicmimarlik.com\/wp-content\/uploads\/2024\/02\/OTO-GALERI-TASARIMI-7-1.webp\" data-elementor-open-lightbox=\"yes\" data-elementor-lightbox-slideshow=\"e6722cf\" data-elementor-lightbox-title=\"OTO GALER\u0130 TASARIMI 7 (1)\" data-e-action-hash=\"#elementor-action%3Aaction%3Dlightbox%26settings%3DeyJpZCI6NDMxLCJ1cmwiOiJodHRwczpcL1wvd3d3Lm5zY2ljbWltYXJsaWsuY29tXC93cC1jb250ZW50XC91cGxvYWRzXC8yMDI0XC8wMlwvT1RPLUdBTEVSSS1UQVNBUklNSS03LTEud2VicCIsInNsaWRlc2hvdyI6ImU2NzIyY2YifQ%3D%3D\">\n\t\t\t\t\t<div class=\"e-gallery-image elementor-gallery-item__image\" data-thumbnail=\"https:\/\/www.nscicmimarlik.com\/wp-content\/uploads\/2024\/02\/OTO-GALERI-TASARIMI-7-1.webp\" data-width=\"1600\" data-height=\"1056\" aria-label=\"\" role=\"img\" ><\/div>\n\t\t\t\t\t\t\t\t\t\t\t<div class=\"elementor-gallery-item__overlay\"><\/div>\n\t\t\t\t\t\t\t\t\t\t\t\t\t\t<\/a>\n\t\t\t\t\t\t\t<a class=\"e-gallery-item elementor-gallery-item elementor-animated-content\" href=\"https:\/\/www.nscicmimarlik.com\/wp-content\/uploads\/2024\/02\/OTO-GALERI-TASARIMI-3.webp\" data-elementor-open-lightbox=\"yes\" data-elementor-lightbox-slideshow=\"e6722cf\" data-elementor-lightbox-title=\"OTO GALER\u0130 TASARIMI 3\" data-e-action-hash=\"#elementor-action%3Aaction%3Dlightbox%26settings%3DeyJpZCI6NDMwLCJ1cmwiOiJodHRwczpcL1wvd3d3Lm5zY2ljbWltYXJsaWsuY29tXC93cC1jb250ZW50XC91cGxvYWRzXC8yMDI0XC8wMlwvT1RPLUdBTEVSSS1UQVNBUklNSS0zLndlYnAiLCJzbGlkZXNob3ciOiJlNjcyMmNmIn0%3D\">\n\t\t\t\t\t<div class=\"e-gallery-image elementor-gallery-item__image\" data-thumbnail=\"https:\/\/www.nscicmimarlik.com\/wp-content\/uploads\/2024\/02\/OTO-GALERI-TASARIMI-3.webp\" data-width=\"1600\" data-height=\"1056\" aria-label=\"\" role=\"img\" ><\/div>\n\t\t\t\t\t\t\t\t\t\t\t<div class=\"elementor-gallery-item__overlay\"><\/div>\n\t\t\t\t\t\t\t\t\t\t\t\t\t\t<\/a>\n\t\t\t\t\t\t\t<a class=\"e-gallery-item elementor-gallery-item elementor-animated-content\" href=\"https:\/\/www.nscicmimarlik.com\/wp-content\/uploads\/2024\/02\/OTO-GALERI-TASARIMI-1.webp\" data-elementor-open-lightbox=\"yes\" data-elementor-lightbox-slideshow=\"e6722cf\" data-elementor-lightbox-title=\"OTO GALER\u0130 TASARIMI 1\" data-e-action-hash=\"#elementor-action%3Aaction%3Dlightbox%26settings%3DeyJpZCI6NDI2LCJ1cmwiOiJodHRwczpcL1wvd3d3Lm5zY2ljbWltYXJsaWsuY29tXC93cC1jb250ZW50XC91cGxvYWRzXC8yMDI0XC8wMlwvT1RPLUdBTEVSSS1UQVNBUklNSS0xLndlYnAiLCJzbGlkZXNob3ciOiJlNjcyMmNmIn0%3D\">\n\t\t\t\t\t<div class=\"e-gallery-image elementor-gallery-item__image\" data-thumbnail=\"https:\/\/www.nscicmimarlik.com\/wp-content\/uploads\/2024\/02\/OTO-GALERI-TASARIMI-1.webp\" data-width=\"1600\" data-height=\"1056\" aria-label=\"\" role=\"img\" ><\/div>\n\t\t\t\t\t\t\t\t\t\t\t<div class=\"elementor-gallery-item__overlay\"><\/div>\n\t\t\t\t\t\t\t\t\t\t\t\t\t\t<\/a>\n\t\t\t\t\t\t\t<a class=\"e-gallery-item elementor-gallery-item elementor-animated-content\" href=\"https:\/\/www.nscicmimarlik.com\/wp-content\/uploads\/2024\/02\/OTO-GALERI-TASARIMI-2.webp\" data-elementor-open-lightbox=\"yes\" data-elementor-lightbox-slideshow=\"e6722cf\" data-elementor-lightbox-title=\"OTO GALER\u0130 TASARIMI 2\" data-e-action-hash=\"#elementor-action%3Aaction%3Dlightbox%26settings%3DeyJpZCI6NDI4LCJ1cmwiOiJodHRwczpcL1wvd3d3Lm5zY2ljbWltYXJsaWsuY29tXC93cC1jb250ZW50XC91cGxvYWRzXC8yMDI0XC8wMlwvT1RPLUdBTEVSSS1UQVNBUklNSS0yLndlYnAiLCJzbGlkZXNob3ciOiJlNjcyMmNmIn0%3D\">\n\t\t\t\t\t<div class=\"e-gallery-image elementor-gallery-item__image\" data-thumbnail=\"https:\/\/www.nscicmimarlik.com\/wp-content\/uploads\/2024\/02\/OTO-GALERI-TASARIMI-2.webp\" data-width=\"1600\" data-height=\"1056\" aria-label=\"\" role=\"img\" ><\/div>\n\t\t\t\t\t\t\t\t\t\t\t<div class=\"elementor-gallery-item__overlay\"><\/div>\n\t\t\t\t\t\t\t\t\t\t\t\t\t\t<\/a>\n\t\t\t\t\t\t\t<a class=\"e-gallery-item elementor-gallery-item elementor-animated-content\" href=\"https:\/\/www.nscicmimarlik.com\/wp-content\/uploads\/2024\/02\/OTO-GALERI-TASARIMI-5-1.webp\" data-elementor-open-lightbox=\"yes\" data-elementor-lightbox-slideshow=\"e6722cf\" data-elementor-lightbox-title=\"OTO GALER\u0130 TASARIMI 5 (1)\" data-e-action-hash=\"#elementor-action%3Aaction%3Dlightbox%26settings%3DeyJpZCI6NDM1LCJ1cmwiOiJodHRwczpcL1wvd3d3Lm5zY2ljbWltYXJsaWsuY29tXC93cC1jb250ZW50XC91cGxvYWRzXC8yMDI0XC8wMlwvT1RPLUdBTEVSSS1UQVNBUklNSS01LTEud2VicCIsInNsaWRlc2hvdyI6ImU2NzIyY2YifQ%3D%3D\">\n\t\t\t\t\t<div class=\"e-gallery-image elementor-gallery-item__image\" data-thumbnail=\"https:\/\/www.nscicmimarlik.com\/wp-content\/uploads\/2024\/02\/OTO-GALERI-TASARIMI-5-1.webp\" data-width=\"1600\" data-height=\"1056\" aria-label=\"\" role=\"img\" ><\/div>\n\t\t\t\t\t\t\t\t\t\t\t<div class=\"elementor-gallery-item__overlay\"><\/div>\n\t\t\t\t\t\t\t\t\t\t\t\t\t\t<\/a>\n\t\t\t\t\t<\/div>\n\t\t\t\t\t<\/div>\n\t\t\t\t<\/div>\n\t\t\t\t\t<\/div>\n\t\t<\/div>\n\t\t\t\t\t<\/div>\n\t\t<\/section>\n\t\t\t\t<\/div>\n\t\t","protected":false},"excerpt":{"rendered":"<p>2024 \u0130\u00e7 Mekan &#8211; D\u0131\u015f Cephe 200+ Konya<\/p>\n","protected":false},"author":1,"featured_media":0,"parent":0,"menu_order":0,"comment_status":"closed","ping_status":"closed","template":"","meta":{"footnotes":""},"class_list":["post-507","page","type-page","status-publish","hentry"],"_links":{"self":[{"href":"https:\/\/www.nscicmimarlik.com\/index.php\/wp-json\/wp\/v2\/pages\/507","targetHints":{"allow":["GET"]}}],"collection":[{"href":"https:\/\/www.nscicmimarlik.com\/index.php\/wp-json\/wp\/v2\/pages"}],"about":[{"href":"https:\/\/www.nscicmimarlik.com\/index.php\/wp-json\/wp\/v2\/types\/page"}],"author":[{"embeddable":true,"href":"https:\/\/www.nscicmimarlik.com\/index.php\/wp-json\/wp\/v2\/users\/1"}],"replies":[{"embeddable":true,"href":"https:\/\/www.nscicmimarlik.com\/index.php\/wp-json\/wp\/v2\/comments?post=507"}],"version-history":[{"count":19,"href":"https:\/\/www.nscicmimarlik.com\/index.php\/wp-json\/wp\/v2\/pages\/507\/revisions"}],"predecessor-version":[{"id":685,"href":"https:\/\/www.nscicmimarlik.com\/index.php\/wp-json\/wp\/v2\/pages\/507\/revisions\/685"}],"wp:attachment":[{"href":"https:\/\/www.nscicmimarlik.com\/index.php\/wp-json\/wp\/v2\/media?parent=507"}],"curies":[{"name":"wp","href":"https:\/\/api.w.org\/{rel}","templated":true}]}}