{"id":502,"date":"2024-02-28T16:34:54","date_gmt":"2024-02-28T13:34:54","guid":{"rendered":"https:\/\/www.nscicmimarlik.com\/?page_id=502"},"modified":"2024-03-02T16:04:43","modified_gmt":"2024-03-02T13:04:43","slug":"oto-experim","status":"publish","type":"page","link":"https:\/\/www.nscicmimarlik.com\/index.php\/oto-experim\/","title":{"rendered":"Oto Experim"},"content":{"rendered":"\t\t<div data-elementor-type=\"wp-page\" data-elementor-id=\"502\" class=\"elementor elementor-502\" data-elementor-post-type=\"page\">\n\t\t\t\t\t\t<section class=\"elementor-section elementor-top-section elementor-element elementor-element-edb4d72 elementor-section-height-min-height elementor-section-boxed elementor-section-height-default elementor-section-items-middle\" data-id=\"edb4d72\" data-element_type=\"section\" data-e-type=\"section\" data-settings=\"{&quot;background_background&quot;:&quot;classic&quot;}\">\n\t\t\t\t\t\t\t<div class=\"elementor-background-overlay\"><\/div>\n\t\t\t\t\t\t\t<div class=\"elementor-container elementor-column-gap-default\">\n\t\t\t\t\t<div class=\"elementor-column elementor-col-100 elementor-top-column elementor-element elementor-element-ee69adf\" data-id=\"ee69adf\" data-element_type=\"column\" data-e-type=\"column\">\n\t\t\t<div class=\"elementor-widget-wrap elementor-element-populated\">\n\t\t\t\t\t\t\t<\/div>\n\t\t<\/div>\n\t\t\t\t\t<\/div>\n\t\t<\/section>\n\t\t\t\t<section class=\"elementor-section elementor-top-section elementor-element elementor-element-f21013a elementor-section-boxed elementor-section-height-default elementor-section-height-default\" data-id=\"f21013a\" data-element_type=\"section\" data-e-type=\"section\" data-settings=\"{&quot;background_background&quot;:&quot;classic&quot;}\">\n\t\t\t\t\t\t<div class=\"elementor-container elementor-column-gap-default\">\n\t\t\t\t\t<div class=\"elementor-column elementor-col-50 elementor-top-column elementor-element elementor-element-a66a22d\" data-id=\"a66a22d\" data-element_type=\"column\" data-e-type=\"column\">\n\t\t\t<div class=\"elementor-widget-wrap elementor-element-populated\">\n\t\t\t\t\t\t<div class=\"elementor-element elementor-element-a5095be elementor-position-left elementor-vertical-align-middle elementor-widget elementor-widget-image-box\" data-id=\"a5095be\" data-element_type=\"widget\" data-e-type=\"widget\" data-widget_type=\"image-box.default\">\n\t\t\t\t<div class=\"elementor-widget-container\">\n\t\t\t\t\t<div class=\"elementor-image-box-wrapper\"><figure class=\"elementor-image-box-img\"><img fetchpriority=\"high\" decoding=\"async\" width=\"500\" height=\"500\" src=\"https:\/\/www.nscicmimarlik.com\/wp-content\/uploads\/2024\/02\/nsc-icmimarlik-icon.webp\" class=\"attachment-full size-full wp-image-310\" alt=\"\" srcset=\"https:\/\/www.nscicmimarlik.com\/wp-content\/uploads\/2024\/02\/nsc-icmimarlik-icon.webp 500w, https:\/\/www.nscicmimarlik.com\/wp-content\/uploads\/2024\/02\/nsc-icmimarlik-icon-300x300.webp 300w, https:\/\/www.nscicmimarlik.com\/wp-content\/uploads\/2024\/02\/nsc-icmimarlik-icon-150x150.webp 150w\" sizes=\"(max-width: 500px) 100vw, 500px\" \/><\/figure><div class=\"elementor-image-box-content\"><h5 class=\"elementor-image-box-title\">2023<\/h5><\/div><\/div>\t\t\t\t<\/div>\n\t\t\t\t<\/div>\n\t\t\t\t<div class=\"elementor-element elementor-element-47717a8 elementor-position-left elementor-vertical-align-middle elementor-widget elementor-widget-image-box\" data-id=\"47717a8\" data-element_type=\"widget\" data-e-type=\"widget\" data-widget_type=\"image-box.default\">\n\t\t\t\t<div class=\"elementor-widget-container\">\n\t\t\t\t\t<div class=\"elementor-image-box-wrapper\"><figure class=\"elementor-image-box-img\"><img decoding=\"async\" width=\"500\" height=\"500\" src=\"https:\/\/www.nscicmimarlik.com\/wp-content\/uploads\/2024\/02\/nscicmimarlik-icon-3.webp\" class=\"attachment-full size-full wp-image-312\" alt=\"\" srcset=\"https:\/\/www.nscicmimarlik.com\/wp-content\/uploads\/2024\/02\/nscicmimarlik-icon-3.webp 500w, https:\/\/www.nscicmimarlik.com\/wp-content\/uploads\/2024\/02\/nscicmimarlik-icon-3-300x300.webp 300w, https:\/\/www.nscicmimarlik.com\/wp-content\/uploads\/2024\/02\/nscicmimarlik-icon-3-150x150.webp 150w\" sizes=\"(max-width: 500px) 100vw, 500px\" \/><\/figure><div class=\"elementor-image-box-content\"><h5 class=\"elementor-image-box-title\">\u0130\u00e7 Mekan<\/h5><\/div><\/div>\t\t\t\t<\/div>\n\t\t\t\t<\/div>\n\t\t\t\t<div class=\"elementor-element elementor-element-daee6c7 elementor-position-left elementor-vertical-align-middle elementor-widget elementor-widget-image-box\" data-id=\"daee6c7\" data-element_type=\"widget\" data-e-type=\"widget\" data-widget_type=\"image-box.default\">\n\t\t\t\t<div class=\"elementor-widget-container\">\n\t\t\t\t\t<div class=\"elementor-image-box-wrapper\"><figure class=\"elementor-image-box-img\"><img decoding=\"async\" width=\"500\" height=\"500\" src=\"https:\/\/www.nscicmimarlik.com\/wp-content\/uploads\/2024\/02\/nscicmimarlik-icon-2.webp\" class=\"attachment-full size-full wp-image-311\" alt=\"\" srcset=\"https:\/\/www.nscicmimarlik.com\/wp-content\/uploads\/2024\/02\/nscicmimarlik-icon-2.webp 500w, https:\/\/www.nscicmimarlik.com\/wp-content\/uploads\/2024\/02\/nscicmimarlik-icon-2-300x300.webp 300w, https:\/\/www.nscicmimarlik.com\/wp-content\/uploads\/2024\/02\/nscicmimarlik-icon-2-150x150.webp 150w\" sizes=\"(max-width: 500px) 100vw, 500px\" \/><\/figure><div class=\"elementor-image-box-content\"><h5 class=\"elementor-image-box-title\">150+<\/h5><\/div><\/div>\t\t\t\t<\/div>\n\t\t\t\t<\/div>\n\t\t\t\t<div class=\"elementor-element elementor-element-50436b9 elementor-position-left elementor-vertical-align-middle elementor-widget elementor-widget-image-box\" data-id=\"50436b9\" data-element_type=\"widget\" data-e-type=\"widget\" data-widget_type=\"image-box.default\">\n\t\t\t\t<div class=\"elementor-widget-container\">\n\t\t\t\t\t<div class=\"elementor-image-box-wrapper\"><figure class=\"elementor-image-box-img\"><img loading=\"lazy\" decoding=\"async\" width=\"500\" height=\"500\" src=\"https:\/\/www.nscicmimarlik.com\/wp-content\/uploads\/2024\/02\/nscicmimarlik-4.webp\" class=\"attachment-full size-full wp-image-309\" alt=\"\" srcset=\"https:\/\/www.nscicmimarlik.com\/wp-content\/uploads\/2024\/02\/nscicmimarlik-4.webp 500w, https:\/\/www.nscicmimarlik.com\/wp-content\/uploads\/2024\/02\/nscicmimarlik-4-300x300.webp 300w, https:\/\/www.nscicmimarlik.com\/wp-content\/uploads\/2024\/02\/nscicmimarlik-4-150x150.webp 150w\" sizes=\"(max-width: 500px) 100vw, 500px\" \/><\/figure><div class=\"elementor-image-box-content\"><h5 class=\"elementor-image-box-title\">\u0130stanbul - Bursa<\/h5><\/div><\/div>\t\t\t\t<\/div>\n\t\t\t\t<\/div>\n\t\t\t\t<div class=\"elementor-element elementor-element-b5688a7 elementor-widget elementor-widget-spacer\" data-id=\"b5688a7\" data-element_type=\"widget\" data-e-type=\"widget\" data-widget_type=\"spacer.default\">\n\t\t\t\t<div class=\"elementor-widget-container\">\n\t\t\t\t\t\t\t<div class=\"elementor-spacer\">\n\t\t\t<div class=\"elementor-spacer-inner\"><\/div>\n\t\t<\/div>\n\t\t\t\t\t\t<\/div>\n\t\t\t\t<\/div>\n\t\t\t\t<div class=\"elementor-element elementor-element-de88ae7 elementor-widget elementor-widget-spacer\" data-id=\"de88ae7\" data-element_type=\"widget\" data-e-type=\"widget\" data-widget_type=\"spacer.default\">\n\t\t\t\t<div class=\"elementor-widget-container\">\n\t\t\t\t\t\t\t<div class=\"elementor-spacer\">\n\t\t\t<div class=\"elementor-spacer-inner\"><\/div>\n\t\t<\/div>\n\t\t\t\t\t\t<\/div>\n\t\t\t\t<\/div>\n\t\t\t\t\t<\/div>\n\t\t<\/div>\n\t\t\t\t<div class=\"elementor-column elementor-col-50 elementor-top-column elementor-element elementor-element-79e7022\" data-id=\"79e7022\" data-element_type=\"column\" data-e-type=\"column\">\n\t\t\t<div class=\"elementor-widget-wrap elementor-element-populated\">\n\t\t\t\t\t\t<div class=\"elementor-element elementor-element-41c38fc elementor-widget elementor-widget-gallery\" data-id=\"41c38fc\" data-element_type=\"widget\" data-e-type=\"widget\" data-settings=\"{&quot;gallery_layout&quot;:&quot;masonry&quot;,&quot;columns&quot;:2,&quot;lazyload&quot;:&quot;yes&quot;,&quot;columns_tablet&quot;:2,&quot;columns_mobile&quot;:1,&quot;gap&quot;:{&quot;unit&quot;:&quot;px&quot;,&quot;size&quot;:10,&quot;sizes&quot;:[]},&quot;gap_tablet&quot;:{&quot;unit&quot;:&quot;px&quot;,&quot;size&quot;:10,&quot;sizes&quot;:[]},&quot;gap_mobile&quot;:{&quot;unit&quot;:&quot;px&quot;,&quot;size&quot;:10,&quot;sizes&quot;:[]},&quot;link_to&quot;:&quot;file&quot;,&quot;overlay_background&quot;:&quot;yes&quot;,&quot;content_hover_animation&quot;:&quot;fade-in&quot;}\" data-widget_type=\"gallery.default\">\n\t\t\t\t<div class=\"elementor-widget-container\">\n\t\t\t\t\t\t\t<div class=\"elementor-gallery__container\">\n\t\t\t\t\t\t\t<a class=\"e-gallery-item elementor-gallery-item elementor-animated-content\" href=\"https:\/\/www.nscicmimarlik.com\/wp-content\/uploads\/2024\/02\/OTO-EXPERIM-BAYI-TASARIMI-5.webp\" data-elementor-open-lightbox=\"yes\" data-elementor-lightbox-slideshow=\"41c38fc\" data-elementor-lightbox-title=\"OTO EXPER\u0130M BAY\u0130 TASARIMI 5\" data-e-action-hash=\"#elementor-action%3Aaction%3Dlightbox%26settings%3DeyJpZCI6NDIzLCJ1cmwiOiJodHRwczpcL1wvd3d3Lm5zY2ljbWltYXJsaWsuY29tXC93cC1jb250ZW50XC91cGxvYWRzXC8yMDI0XC8wMlwvT1RPLUVYUEVSSU0tQkFZSS1UQVNBUklNSS01LndlYnAiLCJzbGlkZXNob3ciOiI0MWMzOGZjIn0%3D\">\n\t\t\t\t\t<div class=\"e-gallery-image elementor-gallery-item__image\" data-thumbnail=\"https:\/\/www.nscicmimarlik.com\/wp-content\/uploads\/2024\/02\/OTO-EXPERIM-BAYI-TASARIMI-5.webp\" data-width=\"1600\" data-height=\"960\" aria-label=\"\" role=\"img\" ><\/div>\n\t\t\t\t\t\t\t\t\t\t\t<div class=\"elementor-gallery-item__overlay\"><\/div>\n\t\t\t\t\t\t\t\t\t\t\t\t\t\t<\/a>\n\t\t\t\t\t\t\t<a class=\"e-gallery-item elementor-gallery-item elementor-animated-content\" href=\"https:\/\/www.nscicmimarlik.com\/wp-content\/uploads\/2024\/02\/OTO-EXPERIM-BAYI-TASARIMI-4.webp\" data-elementor-open-lightbox=\"yes\" data-elementor-lightbox-slideshow=\"41c38fc\" data-elementor-lightbox-title=\"OTO EXPER\u0130M BAY\u0130 TASARIMI 4\" data-e-action-hash=\"#elementor-action%3Aaction%3Dlightbox%26settings%3DeyJpZCI6NDIyLCJ1cmwiOiJodHRwczpcL1wvd3d3Lm5zY2ljbWltYXJsaWsuY29tXC93cC1jb250ZW50XC91cGxvYWRzXC8yMDI0XC8wMlwvT1RPLUVYUEVSSU0tQkFZSS1UQVNBUklNSS00LndlYnAiLCJzbGlkZXNob3ciOiI0MWMzOGZjIn0%3D\">\n\t\t\t\t\t<div class=\"e-gallery-image elementor-gallery-item__image\" data-thumbnail=\"https:\/\/www.nscicmimarlik.com\/wp-content\/uploads\/2024\/02\/OTO-EXPERIM-BAYI-TASARIMI-4.webp\" data-width=\"1600\" data-height=\"960\" aria-label=\"\" role=\"img\" ><\/div>\n\t\t\t\t\t\t\t\t\t\t\t<div class=\"elementor-gallery-item__overlay\"><\/div>\n\t\t\t\t\t\t\t\t\t\t\t\t\t\t<\/a>\n\t\t\t\t\t\t\t<a class=\"e-gallery-item elementor-gallery-item elementor-animated-content\" href=\"https:\/\/www.nscicmimarlik.com\/wp-content\/uploads\/2024\/02\/OTO-EXPERIM-BAYI-TASARIMI-3.webp\" data-elementor-open-lightbox=\"yes\" data-elementor-lightbox-slideshow=\"41c38fc\" data-elementor-lightbox-title=\"OTO EXPER\u0130M BAY\u0130 TASARIMI 3\" data-e-action-hash=\"#elementor-action%3Aaction%3Dlightbox%26settings%3DeyJpZCI6NDIxLCJ1cmwiOiJodHRwczpcL1wvd3d3Lm5zY2ljbWltYXJsaWsuY29tXC93cC1jb250ZW50XC91cGxvYWRzXC8yMDI0XC8wMlwvT1RPLUVYUEVSSU0tQkFZSS1UQVNBUklNSS0zLndlYnAiLCJzbGlkZXNob3ciOiI0MWMzOGZjIn0%3D\">\n\t\t\t\t\t<div class=\"e-gallery-image elementor-gallery-item__image\" data-thumbnail=\"https:\/\/www.nscicmimarlik.com\/wp-content\/uploads\/2024\/02\/OTO-EXPERIM-BAYI-TASARIMI-3.webp\" data-width=\"1600\" data-height=\"960\" aria-label=\"\" role=\"img\" ><\/div>\n\t\t\t\t\t\t\t\t\t\t\t<div class=\"elementor-gallery-item__overlay\"><\/div>\n\t\t\t\t\t\t\t\t\t\t\t\t\t\t<\/a>\n\t\t\t\t\t\t\t<a class=\"e-gallery-item elementor-gallery-item elementor-animated-content\" href=\"https:\/\/www.nscicmimarlik.com\/wp-content\/uploads\/2024\/02\/OTO-EXPERIM-BAYI-TASARIMI-2.webp\" data-elementor-open-lightbox=\"yes\" data-elementor-lightbox-slideshow=\"41c38fc\" data-elementor-lightbox-title=\"OTO EXPER\u0130M BAY\u0130 TASARIMI 2\" data-e-action-hash=\"#elementor-action%3Aaction%3Dlightbox%26settings%3DeyJpZCI6NDIwLCJ1cmwiOiJodHRwczpcL1wvd3d3Lm5zY2ljbWltYXJsaWsuY29tXC93cC1jb250ZW50XC91cGxvYWRzXC8yMDI0XC8wMlwvT1RPLUVYUEVSSU0tQkFZSS1UQVNBUklNSS0yLndlYnAiLCJzbGlkZXNob3ciOiI0MWMzOGZjIn0%3D\">\n\t\t\t\t\t<div class=\"e-gallery-image elementor-gallery-item__image\" data-thumbnail=\"https:\/\/www.nscicmimarlik.com\/wp-content\/uploads\/2024\/02\/OTO-EXPERIM-BAYI-TASARIMI-2.webp\" data-width=\"1600\" data-height=\"960\" aria-label=\"\" role=\"img\" ><\/div>\n\t\t\t\t\t\t\t\t\t\t\t<div class=\"elementor-gallery-item__overlay\"><\/div>\n\t\t\t\t\t\t\t\t\t\t\t\t\t\t<\/a>\n\t\t\t\t\t\t\t<a class=\"e-gallery-item elementor-gallery-item elementor-animated-content\" href=\"https:\/\/www.nscicmimarlik.com\/wp-content\/uploads\/2024\/02\/OTO-EXPERIM-BAYI-TASARIMI-1.webp\" data-elementor-open-lightbox=\"yes\" data-elementor-lightbox-slideshow=\"41c38fc\" data-elementor-lightbox-title=\"OTO EXPER\u0130M BAY\u0130 TASARIMI 1\" data-e-action-hash=\"#elementor-action%3Aaction%3Dlightbox%26settings%3DeyJpZCI6NDE5LCJ1cmwiOiJodHRwczpcL1wvd3d3Lm5zY2ljbWltYXJsaWsuY29tXC93cC1jb250ZW50XC91cGxvYWRzXC8yMDI0XC8wMlwvT1RPLUVYUEVSSU0tQkFZSS1UQVNBUklNSS0xLndlYnAiLCJzbGlkZXNob3ciOiI0MWMzOGZjIn0%3D\">\n\t\t\t\t\t<div class=\"e-gallery-image elementor-gallery-item__image\" data-thumbnail=\"https:\/\/www.nscicmimarlik.com\/wp-content\/uploads\/2024\/02\/OTO-EXPERIM-BAYI-TASARIMI-1.webp\" data-width=\"1600\" data-height=\"960\" aria-label=\"\" role=\"img\" ><\/div>\n\t\t\t\t\t\t\t\t\t\t\t<div class=\"elementor-gallery-item__overlay\"><\/div>\n\t\t\t\t\t\t\t\t\t\t\t\t\t\t<\/a>\n\t\t\t\t\t<\/div>\n\t\t\t\t\t<\/div>\n\t\t\t\t<\/div>\n\t\t\t\t\t<\/div>\n\t\t<\/div>\n\t\t\t\t\t<\/div>\n\t\t<\/section>\n\t\t\t\t<\/div>\n\t\t","protected":false},"excerpt":{"rendered":"<p>2023 \u0130\u00e7 Mekan 150+ \u0130stanbul &#8211; Bursa<\/p>\n","protected":false},"author":1,"featured_media":0,"parent":0,"menu_order":0,"comment_status":"closed","ping_status":"closed","template":"","meta":{"footnotes":""},"class_list":["post-502","page","type-page","status-publish","hentry"],"_links":{"self":[{"href":"https:\/\/www.nscicmimarlik.com\/index.php\/wp-json\/wp\/v2\/pages\/502","targetHints":{"allow":["GET"]}}],"collection":[{"href":"https:\/\/www.nscicmimarlik.com\/index.php\/wp-json\/wp\/v2\/pages"}],"about":[{"href":"https:\/\/www.nscicmimarlik.com\/index.php\/wp-json\/wp\/v2\/types\/page"}],"author":[{"embeddable":true,"href":"https:\/\/www.nscicmimarlik.com\/index.php\/wp-json\/wp\/v2\/users\/1"}],"replies":[{"embeddable":true,"href":"https:\/\/www.nscicmimarlik.com\/index.php\/wp-json\/wp\/v2\/comments?post=502"}],"version-history":[{"count":13,"href":"https:\/\/www.nscicmimarlik.com\/index.php\/wp-json\/wp\/v2\/pages\/502\/revisions"}],"predecessor-version":[{"id":682,"href":"https:\/\/www.nscicmimarlik.com\/index.php\/wp-json\/wp\/v2\/pages\/502\/revisions\/682"}],"wp:attachment":[{"href":"https:\/\/www.nscicmimarlik.com\/index.php\/wp-json\/wp\/v2\/media?parent=502"}],"curies":[{"name":"wp","href":"https:\/\/api.w.org\/{rel}","templated":true}]}}