{"id":495,"date":"2024-02-28T16:25:04","date_gmt":"2024-02-28T13:25:04","guid":{"rendered":"https:\/\/www.nscicmimarlik.com\/?page_id=495"},"modified":"2024-03-02T16:03:47","modified_gmt":"2024-03-02T13:03:47","slug":"hayat-veterinerlik","status":"publish","type":"page","link":"https:\/\/www.nscicmimarlik.com\/index.php\/hayat-veterinerlik\/","title":{"rendered":"Hayat Veterinerlik"},"content":{"rendered":"\t\t<div data-elementor-type=\"wp-page\" data-elementor-id=\"495\" class=\"elementor elementor-495\" data-elementor-post-type=\"page\">\n\t\t\t\t\t\t<section class=\"elementor-section elementor-top-section elementor-element elementor-element-8df504a elementor-section-height-min-height elementor-section-boxed elementor-section-height-default elementor-section-items-middle\" data-id=\"8df504a\" data-element_type=\"section\" data-e-type=\"section\" data-settings=\"{&quot;background_background&quot;:&quot;classic&quot;}\">\n\t\t\t\t\t\t\t<div class=\"elementor-background-overlay\"><\/div>\n\t\t\t\t\t\t\t<div class=\"elementor-container elementor-column-gap-default\">\n\t\t\t\t\t<div class=\"elementor-column elementor-col-100 elementor-top-column elementor-element elementor-element-57e1e4a\" data-id=\"57e1e4a\" data-element_type=\"column\" data-e-type=\"column\">\n\t\t\t<div class=\"elementor-widget-wrap elementor-element-populated\">\n\t\t\t\t\t\t\t<\/div>\n\t\t<\/div>\n\t\t\t\t\t<\/div>\n\t\t<\/section>\n\t\t\t\t<section class=\"elementor-section elementor-top-section elementor-element elementor-element-c3fdb55 elementor-section-boxed elementor-section-height-default elementor-section-height-default\" data-id=\"c3fdb55\" data-element_type=\"section\" data-e-type=\"section\" data-settings=\"{&quot;background_background&quot;:&quot;classic&quot;}\">\n\t\t\t\t\t\t<div class=\"elementor-container elementor-column-gap-default\">\n\t\t\t\t\t<div class=\"elementor-column elementor-col-50 elementor-top-column elementor-element elementor-element-f19ae65\" data-id=\"f19ae65\" data-element_type=\"column\" data-e-type=\"column\">\n\t\t\t<div class=\"elementor-widget-wrap elementor-element-populated\">\n\t\t\t\t\t\t<div class=\"elementor-element elementor-element-a883dd3 elementor-position-left elementor-vertical-align-middle elementor-widget elementor-widget-image-box\" data-id=\"a883dd3\" data-element_type=\"widget\" data-e-type=\"widget\" data-widget_type=\"image-box.default\">\n\t\t\t\t<div class=\"elementor-widget-container\">\n\t\t\t\t\t<div class=\"elementor-image-box-wrapper\"><figure class=\"elementor-image-box-img\"><img fetchpriority=\"high\" decoding=\"async\" width=\"500\" height=\"500\" src=\"https:\/\/www.nscicmimarlik.com\/wp-content\/uploads\/2024\/02\/nsc-icmimarlik-icon.webp\" class=\"attachment-full size-full wp-image-310\" alt=\"\" srcset=\"https:\/\/www.nscicmimarlik.com\/wp-content\/uploads\/2024\/02\/nsc-icmimarlik-icon.webp 500w, https:\/\/www.nscicmimarlik.com\/wp-content\/uploads\/2024\/02\/nsc-icmimarlik-icon-300x300.webp 300w, https:\/\/www.nscicmimarlik.com\/wp-content\/uploads\/2024\/02\/nsc-icmimarlik-icon-150x150.webp 150w\" sizes=\"(max-width: 500px) 100vw, 500px\" \/><\/figure><div class=\"elementor-image-box-content\"><h5 class=\"elementor-image-box-title\">2022<\/h5><\/div><\/div>\t\t\t\t<\/div>\n\t\t\t\t<\/div>\n\t\t\t\t<div class=\"elementor-element elementor-element-8bb571a elementor-position-left elementor-vertical-align-middle elementor-widget elementor-widget-image-box\" data-id=\"8bb571a\" data-element_type=\"widget\" data-e-type=\"widget\" data-widget_type=\"image-box.default\">\n\t\t\t\t<div class=\"elementor-widget-container\">\n\t\t\t\t\t<div class=\"elementor-image-box-wrapper\"><figure class=\"elementor-image-box-img\"><img decoding=\"async\" width=\"500\" height=\"500\" src=\"https:\/\/www.nscicmimarlik.com\/wp-content\/uploads\/2024\/02\/nscicmimarlik-icon-3.webp\" class=\"attachment-full size-full wp-image-312\" alt=\"\" srcset=\"https:\/\/www.nscicmimarlik.com\/wp-content\/uploads\/2024\/02\/nscicmimarlik-icon-3.webp 500w, https:\/\/www.nscicmimarlik.com\/wp-content\/uploads\/2024\/02\/nscicmimarlik-icon-3-300x300.webp 300w, https:\/\/www.nscicmimarlik.com\/wp-content\/uploads\/2024\/02\/nscicmimarlik-icon-3-150x150.webp 150w\" sizes=\"(max-width: 500px) 100vw, 500px\" \/><\/figure><div class=\"elementor-image-box-content\"><h5 class=\"elementor-image-box-title\">\u0130\u00e7 Mekan<\/h5><\/div><\/div>\t\t\t\t<\/div>\n\t\t\t\t<\/div>\n\t\t\t\t<div class=\"elementor-element elementor-element-20e2a80 elementor-position-left elementor-vertical-align-middle elementor-widget elementor-widget-image-box\" data-id=\"20e2a80\" data-element_type=\"widget\" data-e-type=\"widget\" data-widget_type=\"image-box.default\">\n\t\t\t\t<div class=\"elementor-widget-container\">\n\t\t\t\t\t<div class=\"elementor-image-box-wrapper\"><figure class=\"elementor-image-box-img\"><img decoding=\"async\" width=\"500\" height=\"500\" src=\"https:\/\/www.nscicmimarlik.com\/wp-content\/uploads\/2024\/02\/nscicmimarlik-icon-2.webp\" class=\"attachment-full size-full wp-image-311\" alt=\"\" srcset=\"https:\/\/www.nscicmimarlik.com\/wp-content\/uploads\/2024\/02\/nscicmimarlik-icon-2.webp 500w, https:\/\/www.nscicmimarlik.com\/wp-content\/uploads\/2024\/02\/nscicmimarlik-icon-2-300x300.webp 300w, https:\/\/www.nscicmimarlik.com\/wp-content\/uploads\/2024\/02\/nscicmimarlik-icon-2-150x150.webp 150w\" sizes=\"(max-width: 500px) 100vw, 500px\" \/><\/figure><div class=\"elementor-image-box-content\"><h5 class=\"elementor-image-box-title\">70+<\/h5><\/div><\/div>\t\t\t\t<\/div>\n\t\t\t\t<\/div>\n\t\t\t\t<div class=\"elementor-element elementor-element-adebea0 elementor-position-left elementor-vertical-align-middle elementor-widget elementor-widget-image-box\" data-id=\"adebea0\" data-element_type=\"widget\" data-e-type=\"widget\" data-widget_type=\"image-box.default\">\n\t\t\t\t<div class=\"elementor-widget-container\">\n\t\t\t\t\t<div class=\"elementor-image-box-wrapper\"><figure class=\"elementor-image-box-img\"><img loading=\"lazy\" decoding=\"async\" width=\"500\" height=\"500\" src=\"https:\/\/www.nscicmimarlik.com\/wp-content\/uploads\/2024\/02\/nscicmimarlik-4.webp\" class=\"attachment-full size-full wp-image-309\" alt=\"\" srcset=\"https:\/\/www.nscicmimarlik.com\/wp-content\/uploads\/2024\/02\/nscicmimarlik-4.webp 500w, https:\/\/www.nscicmimarlik.com\/wp-content\/uploads\/2024\/02\/nscicmimarlik-4-300x300.webp 300w, https:\/\/www.nscicmimarlik.com\/wp-content\/uploads\/2024\/02\/nscicmimarlik-4-150x150.webp 150w\" sizes=\"(max-width: 500px) 100vw, 500px\" \/><\/figure><div class=\"elementor-image-box-content\"><h5 class=\"elementor-image-box-title\">Antalya<\/h5><\/div><\/div>\t\t\t\t<\/div>\n\t\t\t\t<\/div>\n\t\t\t\t<div class=\"elementor-element elementor-element-4b3d238 elementor-widget elementor-widget-spacer\" data-id=\"4b3d238\" data-element_type=\"widget\" data-e-type=\"widget\" data-widget_type=\"spacer.default\">\n\t\t\t\t<div class=\"elementor-widget-container\">\n\t\t\t\t\t\t\t<div class=\"elementor-spacer\">\n\t\t\t<div class=\"elementor-spacer-inner\"><\/div>\n\t\t<\/div>\n\t\t\t\t\t\t<\/div>\n\t\t\t\t<\/div>\n\t\t\t\t<div class=\"elementor-element elementor-element-209ce18 elementor-widget elementor-widget-spacer\" data-id=\"209ce18\" data-element_type=\"widget\" data-e-type=\"widget\" data-widget_type=\"spacer.default\">\n\t\t\t\t<div class=\"elementor-widget-container\">\n\t\t\t\t\t\t\t<div class=\"elementor-spacer\">\n\t\t\t<div class=\"elementor-spacer-inner\"><\/div>\n\t\t<\/div>\n\t\t\t\t\t\t<\/div>\n\t\t\t\t<\/div>\n\t\t\t\t\t<\/div>\n\t\t<\/div>\n\t\t\t\t<div class=\"elementor-column elementor-col-50 elementor-top-column elementor-element elementor-element-b5d621b\" data-id=\"b5d621b\" data-element_type=\"column\" data-e-type=\"column\">\n\t\t\t<div class=\"elementor-widget-wrap elementor-element-populated\">\n\t\t\t\t\t\t<div class=\"elementor-element elementor-element-53b4ad8 elementor-widget elementor-widget-gallery\" data-id=\"53b4ad8\" data-element_type=\"widget\" data-e-type=\"widget\" data-settings=\"{&quot;gallery_layout&quot;:&quot;masonry&quot;,&quot;columns&quot;:2,&quot;lazyload&quot;:&quot;yes&quot;,&quot;columns_tablet&quot;:2,&quot;columns_mobile&quot;:1,&quot;gap&quot;:{&quot;unit&quot;:&quot;px&quot;,&quot;size&quot;:10,&quot;sizes&quot;:[]},&quot;gap_tablet&quot;:{&quot;unit&quot;:&quot;px&quot;,&quot;size&quot;:10,&quot;sizes&quot;:[]},&quot;gap_mobile&quot;:{&quot;unit&quot;:&quot;px&quot;,&quot;size&quot;:10,&quot;sizes&quot;:[]},&quot;link_to&quot;:&quot;file&quot;,&quot;overlay_background&quot;:&quot;yes&quot;,&quot;content_hover_animation&quot;:&quot;fade-in&quot;}\" data-widget_type=\"gallery.default\">\n\t\t\t\t<div class=\"elementor-widget-container\">\n\t\t\t\t\t\t\t<div class=\"elementor-gallery__container\">\n\t\t\t\t\t\t\t<a class=\"e-gallery-item elementor-gallery-item elementor-animated-content\" href=\"https:\/\/www.nscicmimarlik.com\/wp-content\/uploads\/2024\/02\/HAYAT-VETERINER-KLINIGI-TASARIMI-1.webp\" data-elementor-open-lightbox=\"yes\" data-elementor-lightbox-slideshow=\"53b4ad8\" data-elementor-lightbox-title=\"HAYAT VETER\u0130NER KL\u0130N\u0130\u011e\u0130 TASARIMI 1\" data-e-action-hash=\"#elementor-action%3Aaction%3Dlightbox%26settings%3DeyJpZCI6Mzk1LCJ1cmwiOiJodHRwczpcL1wvd3d3Lm5zY2ljbWltYXJsaWsuY29tXC93cC1jb250ZW50XC91cGxvYWRzXC8yMDI0XC8wMlwvSEFZQVQtVkVURVJJTkVSLUtMSU5JR0ktVEFTQVJJTUktMS53ZWJwIiwic2xpZGVzaG93IjoiNTNiNGFkOCJ9\">\n\t\t\t\t\t<div class=\"e-gallery-image elementor-gallery-item__image\" data-thumbnail=\"https:\/\/www.nscicmimarlik.com\/wp-content\/uploads\/2024\/02\/HAYAT-VETERINER-KLINIGI-TASARIMI-1.webp\" data-width=\"1600\" data-height=\"1066\" aria-label=\"\" role=\"img\" ><\/div>\n\t\t\t\t\t\t\t\t\t\t\t<div class=\"elementor-gallery-item__overlay\"><\/div>\n\t\t\t\t\t\t\t\t\t\t\t\t\t\t<\/a>\n\t\t\t\t\t\t\t<a class=\"e-gallery-item elementor-gallery-item elementor-animated-content\" href=\"https:\/\/www.nscicmimarlik.com\/wp-content\/uploads\/2024\/02\/HAYAT-VETERINER-KLINIGI-TASARIMI-2.webp\" data-elementor-open-lightbox=\"yes\" data-elementor-lightbox-slideshow=\"53b4ad8\" data-elementor-lightbox-title=\"HAYAT VETER\u0130NER KL\u0130N\u0130\u011e\u0130 TASARIMI 2\" data-e-action-hash=\"#elementor-action%3Aaction%3Dlightbox%26settings%3DeyJpZCI6Mzk2LCJ1cmwiOiJodHRwczpcL1wvd3d3Lm5zY2ljbWltYXJsaWsuY29tXC93cC1jb250ZW50XC91cGxvYWRzXC8yMDI0XC8wMlwvSEFZQVQtVkVURVJJTkVSLUtMSU5JR0ktVEFTQVJJTUktMi53ZWJwIiwic2xpZGVzaG93IjoiNTNiNGFkOCJ9\">\n\t\t\t\t\t<div class=\"e-gallery-image elementor-gallery-item__image\" data-thumbnail=\"https:\/\/www.nscicmimarlik.com\/wp-content\/uploads\/2024\/02\/HAYAT-VETERINER-KLINIGI-TASARIMI-2.webp\" data-width=\"1600\" data-height=\"1600\" aria-label=\"\" role=\"img\" ><\/div>\n\t\t\t\t\t\t\t\t\t\t\t<div class=\"elementor-gallery-item__overlay\"><\/div>\n\t\t\t\t\t\t\t\t\t\t\t\t\t\t<\/a>\n\t\t\t\t\t\t\t<a class=\"e-gallery-item elementor-gallery-item elementor-animated-content\" href=\"https:\/\/www.nscicmimarlik.com\/wp-content\/uploads\/2024\/02\/HAYAT-VETERINER-KLINIGI-TASARIMI-3.webp\" data-elementor-open-lightbox=\"yes\" data-elementor-lightbox-slideshow=\"53b4ad8\" data-elementor-lightbox-title=\"HAYAT VETER\u0130NER KL\u0130N\u0130\u011e\u0130 TASARIMI 3\" data-e-action-hash=\"#elementor-action%3Aaction%3Dlightbox%26settings%3DeyJpZCI6Mzk3LCJ1cmwiOiJodHRwczpcL1wvd3d3Lm5zY2ljbWltYXJsaWsuY29tXC93cC1jb250ZW50XC91cGxvYWRzXC8yMDI0XC8wMlwvSEFZQVQtVkVURVJJTkVSLUtMSU5JR0ktVEFTQVJJTUktMy53ZWJwIiwic2xpZGVzaG93IjoiNTNiNGFkOCJ9\">\n\t\t\t\t\t<div class=\"e-gallery-image elementor-gallery-item__image\" data-thumbnail=\"https:\/\/www.nscicmimarlik.com\/wp-content\/uploads\/2024\/02\/HAYAT-VETERINER-KLINIGI-TASARIMI-3.webp\" data-width=\"1600\" data-height=\"1066\" aria-label=\"\" role=\"img\" ><\/div>\n\t\t\t\t\t\t\t\t\t\t\t<div class=\"elementor-gallery-item__overlay\"><\/div>\n\t\t\t\t\t\t\t\t\t\t\t\t\t\t<\/a>\n\t\t\t\t\t<\/div>\n\t\t\t\t\t<\/div>\n\t\t\t\t<\/div>\n\t\t\t\t\t<\/div>\n\t\t<\/div>\n\t\t\t\t\t<\/div>\n\t\t<\/section>\n\t\t\t\t<\/div>\n\t\t","protected":false},"excerpt":{"rendered":"<p>2022 \u0130\u00e7 Mekan 70+ Antalya<\/p>\n","protected":false},"author":1,"featured_media":0,"parent":0,"menu_order":0,"comment_status":"closed","ping_status":"closed","template":"","meta":{"footnotes":""},"class_list":["post-495","page","type-page","status-publish","hentry"],"_links":{"self":[{"href":"https:\/\/www.nscicmimarlik.com\/index.php\/wp-json\/wp\/v2\/pages\/495","targetHints":{"allow":["GET"]}}],"collection":[{"href":"https:\/\/www.nscicmimarlik.com\/index.php\/wp-json\/wp\/v2\/pages"}],"about":[{"href":"https:\/\/www.nscicmimarlik.com\/index.php\/wp-json\/wp\/v2\/types\/page"}],"author":[{"embeddable":true,"href":"https:\/\/www.nscicmimarlik.com\/index.php\/wp-json\/wp\/v2\/users\/1"}],"replies":[{"embeddable":true,"href":"https:\/\/www.nscicmimarlik.com\/index.php\/wp-json\/wp\/v2\/comments?post=495"}],"version-history":[{"count":16,"href":"https:\/\/www.nscicmimarlik.com\/index.php\/wp-json\/wp\/v2\/pages\/495\/revisions"}],"predecessor-version":[{"id":676,"href":"https:\/\/www.nscicmimarlik.com\/index.php\/wp-json\/wp\/v2\/pages\/495\/revisions\/676"}],"wp:attachment":[{"href":"https:\/\/www.nscicmimarlik.com\/index.php\/wp-json\/wp\/v2\/media?parent=495"}],"curies":[{"name":"wp","href":"https:\/\/api.w.org\/{rel}","templated":true}]}}