{"id":487,"date":"2024-02-28T16:24:22","date_gmt":"2024-02-28T13:24:22","guid":{"rendered":"https:\/\/www.nscicmimarlik.com\/?page_id=487"},"modified":"2024-03-02T16:02:42","modified_gmt":"2024-03-02T13:02:42","slug":"freezmak","status":"publish","type":"page","link":"https:\/\/www.nscicmimarlik.com\/index.php\/freezmak\/","title":{"rendered":"Freezmak"},"content":{"rendered":"\t\t<div data-elementor-type=\"wp-page\" data-elementor-id=\"487\" class=\"elementor elementor-487\" data-elementor-post-type=\"page\">\n\t\t\t\t\t\t<section class=\"elementor-section elementor-top-section elementor-element elementor-element-26480c7 elementor-section-height-min-height elementor-section-boxed elementor-section-height-default elementor-section-items-middle\" data-id=\"26480c7\" data-element_type=\"section\" data-e-type=\"section\" data-settings=\"{&quot;background_background&quot;:&quot;classic&quot;}\">\n\t\t\t\t\t\t\t<div class=\"elementor-background-overlay\"><\/div>\n\t\t\t\t\t\t\t<div class=\"elementor-container elementor-column-gap-default\">\n\t\t\t\t\t<div class=\"elementor-column elementor-col-100 elementor-top-column elementor-element elementor-element-df03c5a\" data-id=\"df03c5a\" data-element_type=\"column\" data-e-type=\"column\">\n\t\t\t<div class=\"elementor-widget-wrap elementor-element-populated\">\n\t\t\t\t\t\t\t<\/div>\n\t\t<\/div>\n\t\t\t\t\t<\/div>\n\t\t<\/section>\n\t\t\t\t<section class=\"elementor-section elementor-top-section elementor-element elementor-element-7c65368 elementor-section-boxed elementor-section-height-default elementor-section-height-default\" data-id=\"7c65368\" data-element_type=\"section\" data-e-type=\"section\" data-settings=\"{&quot;background_background&quot;:&quot;classic&quot;}\">\n\t\t\t\t\t\t<div class=\"elementor-container elementor-column-gap-default\">\n\t\t\t\t\t<div class=\"elementor-column elementor-col-50 elementor-top-column elementor-element elementor-element-a45cb68\" data-id=\"a45cb68\" data-element_type=\"column\" data-e-type=\"column\">\n\t\t\t<div class=\"elementor-widget-wrap elementor-element-populated\">\n\t\t\t\t\t\t<div class=\"elementor-element elementor-element-18e08d8 elementor-position-left elementor-vertical-align-middle elementor-widget elementor-widget-image-box\" data-id=\"18e08d8\" data-element_type=\"widget\" data-e-type=\"widget\" data-widget_type=\"image-box.default\">\n\t\t\t\t<div class=\"elementor-widget-container\">\n\t\t\t\t\t<div class=\"elementor-image-box-wrapper\"><figure class=\"elementor-image-box-img\"><img fetchpriority=\"high\" decoding=\"async\" width=\"500\" height=\"500\" src=\"https:\/\/www.nscicmimarlik.com\/wp-content\/uploads\/2024\/02\/nsc-icmimarlik-icon.webp\" class=\"attachment-full size-full wp-image-310\" alt=\"\" srcset=\"https:\/\/www.nscicmimarlik.com\/wp-content\/uploads\/2024\/02\/nsc-icmimarlik-icon.webp 500w, https:\/\/www.nscicmimarlik.com\/wp-content\/uploads\/2024\/02\/nsc-icmimarlik-icon-300x300.webp 300w, https:\/\/www.nscicmimarlik.com\/wp-content\/uploads\/2024\/02\/nsc-icmimarlik-icon-150x150.webp 150w\" sizes=\"(max-width: 500px) 100vw, 500px\" \/><\/figure><div class=\"elementor-image-box-content\"><h5 class=\"elementor-image-box-title\">2024<\/h5><\/div><\/div>\t\t\t\t<\/div>\n\t\t\t\t<\/div>\n\t\t\t\t<div class=\"elementor-element elementor-element-ddf2d6c elementor-position-left elementor-vertical-align-middle elementor-widget elementor-widget-image-box\" data-id=\"ddf2d6c\" data-element_type=\"widget\" data-e-type=\"widget\" data-widget_type=\"image-box.default\">\n\t\t\t\t<div class=\"elementor-widget-container\">\n\t\t\t\t\t<div class=\"elementor-image-box-wrapper\"><figure class=\"elementor-image-box-img\"><img decoding=\"async\" width=\"500\" height=\"500\" src=\"https:\/\/www.nscicmimarlik.com\/wp-content\/uploads\/2024\/02\/nscicmimarlik-icon-3.webp\" class=\"attachment-full size-full wp-image-312\" alt=\"\" srcset=\"https:\/\/www.nscicmimarlik.com\/wp-content\/uploads\/2024\/02\/nscicmimarlik-icon-3.webp 500w, https:\/\/www.nscicmimarlik.com\/wp-content\/uploads\/2024\/02\/nscicmimarlik-icon-3-300x300.webp 300w, https:\/\/www.nscicmimarlik.com\/wp-content\/uploads\/2024\/02\/nscicmimarlik-icon-3-150x150.webp 150w\" sizes=\"(max-width: 500px) 100vw, 500px\" \/><\/figure><div class=\"elementor-image-box-content\"><h5 class=\"elementor-image-box-title\">\u0130\u00e7 Mekan<\/h5><\/div><\/div>\t\t\t\t<\/div>\n\t\t\t\t<\/div>\n\t\t\t\t<div class=\"elementor-element elementor-element-eb470e5 elementor-position-left elementor-vertical-align-middle elementor-widget elementor-widget-image-box\" data-id=\"eb470e5\" data-element_type=\"widget\" data-e-type=\"widget\" data-widget_type=\"image-box.default\">\n\t\t\t\t<div class=\"elementor-widget-container\">\n\t\t\t\t\t<div class=\"elementor-image-box-wrapper\"><figure class=\"elementor-image-box-img\"><img decoding=\"async\" width=\"500\" height=\"500\" src=\"https:\/\/www.nscicmimarlik.com\/wp-content\/uploads\/2024\/02\/nscicmimarlik-icon-2.webp\" class=\"attachment-full size-full wp-image-311\" alt=\"\" srcset=\"https:\/\/www.nscicmimarlik.com\/wp-content\/uploads\/2024\/02\/nscicmimarlik-icon-2.webp 500w, https:\/\/www.nscicmimarlik.com\/wp-content\/uploads\/2024\/02\/nscicmimarlik-icon-2-300x300.webp 300w, https:\/\/www.nscicmimarlik.com\/wp-content\/uploads\/2024\/02\/nscicmimarlik-icon-2-150x150.webp 150w\" sizes=\"(max-width: 500px) 100vw, 500px\" \/><\/figure><div class=\"elementor-image-box-content\"><h5 class=\"elementor-image-box-title\">500+<\/h5><\/div><\/div>\t\t\t\t<\/div>\n\t\t\t\t<\/div>\n\t\t\t\t<div class=\"elementor-element elementor-element-f009998 elementor-position-left elementor-vertical-align-middle elementor-widget elementor-widget-image-box\" data-id=\"f009998\" data-element_type=\"widget\" data-e-type=\"widget\" data-widget_type=\"image-box.default\">\n\t\t\t\t<div class=\"elementor-widget-container\">\n\t\t\t\t\t<div class=\"elementor-image-box-wrapper\"><figure class=\"elementor-image-box-img\"><img loading=\"lazy\" decoding=\"async\" width=\"500\" height=\"500\" src=\"https:\/\/www.nscicmimarlik.com\/wp-content\/uploads\/2024\/02\/nscicmimarlik-4.webp\" class=\"attachment-full size-full wp-image-309\" alt=\"\" srcset=\"https:\/\/www.nscicmimarlik.com\/wp-content\/uploads\/2024\/02\/nscicmimarlik-4.webp 500w, https:\/\/www.nscicmimarlik.com\/wp-content\/uploads\/2024\/02\/nscicmimarlik-4-300x300.webp 300w, https:\/\/www.nscicmimarlik.com\/wp-content\/uploads\/2024\/02\/nscicmimarlik-4-150x150.webp 150w\" sizes=\"(max-width: 500px) 100vw, 500px\" \/><\/figure><div class=\"elementor-image-box-content\"><h5 class=\"elementor-image-box-title\">Konya \u00c7umra OSB<\/h5><\/div><\/div>\t\t\t\t<\/div>\n\t\t\t\t<\/div>\n\t\t\t\t<div class=\"elementor-element elementor-element-1c29d60 elementor-widget elementor-widget-spacer\" data-id=\"1c29d60\" data-element_type=\"widget\" data-e-type=\"widget\" data-widget_type=\"spacer.default\">\n\t\t\t\t<div class=\"elementor-widget-container\">\n\t\t\t\t\t\t\t<div class=\"elementor-spacer\">\n\t\t\t<div class=\"elementor-spacer-inner\"><\/div>\n\t\t<\/div>\n\t\t\t\t\t\t<\/div>\n\t\t\t\t<\/div>\n\t\t\t\t<div class=\"elementor-element elementor-element-c918b04 elementor-widget elementor-widget-spacer\" data-id=\"c918b04\" data-element_type=\"widget\" data-e-type=\"widget\" data-widget_type=\"spacer.default\">\n\t\t\t\t<div class=\"elementor-widget-container\">\n\t\t\t\t\t\t\t<div class=\"elementor-spacer\">\n\t\t\t<div class=\"elementor-spacer-inner\"><\/div>\n\t\t<\/div>\n\t\t\t\t\t\t<\/div>\n\t\t\t\t<\/div>\n\t\t\t\t\t<\/div>\n\t\t<\/div>\n\t\t\t\t<div class=\"elementor-column elementor-col-50 elementor-top-column elementor-element elementor-element-a412a4e\" data-id=\"a412a4e\" data-element_type=\"column\" data-e-type=\"column\">\n\t\t\t<div class=\"elementor-widget-wrap elementor-element-populated\">\n\t\t\t\t\t\t<div class=\"elementor-element elementor-element-4c36164 elementor-widget elementor-widget-gallery\" data-id=\"4c36164\" data-element_type=\"widget\" data-e-type=\"widget\" data-settings=\"{&quot;gallery_layout&quot;:&quot;masonry&quot;,&quot;columns&quot;:2,&quot;lazyload&quot;:&quot;yes&quot;,&quot;columns_tablet&quot;:2,&quot;columns_mobile&quot;:1,&quot;gap&quot;:{&quot;unit&quot;:&quot;px&quot;,&quot;size&quot;:10,&quot;sizes&quot;:[]},&quot;gap_tablet&quot;:{&quot;unit&quot;:&quot;px&quot;,&quot;size&quot;:10,&quot;sizes&quot;:[]},&quot;gap_mobile&quot;:{&quot;unit&quot;:&quot;px&quot;,&quot;size&quot;:10,&quot;sizes&quot;:[]},&quot;link_to&quot;:&quot;file&quot;,&quot;overlay_background&quot;:&quot;yes&quot;,&quot;content_hover_animation&quot;:&quot;fade-in&quot;}\" data-widget_type=\"gallery.default\">\n\t\t\t\t<div class=\"elementor-widget-container\">\n\t\t\t\t\t\t\t<div class=\"elementor-gallery__container\">\n\t\t\t\t\t\t\t<a class=\"e-gallery-item elementor-gallery-item elementor-animated-content\" href=\"https:\/\/www.nscicmimarlik.com\/wp-content\/uploads\/2024\/02\/FREEZMAK-IDARI-BINA-TASARIMI-11.webp\" data-elementor-open-lightbox=\"yes\" data-elementor-lightbox-slideshow=\"4c36164\" data-elementor-lightbox-title=\"FREEZMAK \u0130DAR\u0130 B\u0130NA TASARIMI 11\" data-e-action-hash=\"#elementor-action%3Aaction%3Dlightbox%26settings%3DeyJpZCI6Mzk0LCJ1cmwiOiJodHRwczpcL1wvd3d3Lm5zY2ljbWltYXJsaWsuY29tXC93cC1jb250ZW50XC91cGxvYWRzXC8yMDI0XC8wMlwvRlJFRVpNQUstSURBUkktQklOQS1UQVNBUklNSS0xMS53ZWJwIiwic2xpZGVzaG93IjoiNGMzNjE2NCJ9\">\n\t\t\t\t\t<div class=\"e-gallery-image elementor-gallery-item__image\" data-thumbnail=\"https:\/\/www.nscicmimarlik.com\/wp-content\/uploads\/2024\/02\/FREEZMAK-IDARI-BINA-TASARIMI-11.webp\" data-width=\"1600\" data-height=\"1122\" aria-label=\"\" role=\"img\" ><\/div>\n\t\t\t\t\t\t\t\t\t\t\t<div class=\"elementor-gallery-item__overlay\"><\/div>\n\t\t\t\t\t\t\t\t\t\t\t\t\t\t<\/a>\n\t\t\t\t\t\t\t<a class=\"e-gallery-item elementor-gallery-item elementor-animated-content\" href=\"https:\/\/www.nscicmimarlik.com\/wp-content\/uploads\/2024\/02\/FREEZMAK-IDARI-BINA-TASARIMI-10.webp\" data-elementor-open-lightbox=\"yes\" data-elementor-lightbox-slideshow=\"4c36164\" data-elementor-lightbox-title=\"FREEZMAK \u0130DAR\u0130 B\u0130NA TASARIMI 10\" data-e-action-hash=\"#elementor-action%3Aaction%3Dlightbox%26settings%3DeyJpZCI6MzkzLCJ1cmwiOiJodHRwczpcL1wvd3d3Lm5zY2ljbWltYXJsaWsuY29tXC93cC1jb250ZW50XC91cGxvYWRzXC8yMDI0XC8wMlwvRlJFRVpNQUstSURBUkktQklOQS1UQVNBUklNSS0xMC53ZWJwIiwic2xpZGVzaG93IjoiNGMzNjE2NCJ9\">\n\t\t\t\t\t<div class=\"e-gallery-image elementor-gallery-item__image\" data-thumbnail=\"https:\/\/www.nscicmimarlik.com\/wp-content\/uploads\/2024\/02\/FREEZMAK-IDARI-BINA-TASARIMI-10.webp\" data-width=\"1600\" data-height=\"1244\" aria-label=\"\" role=\"img\" ><\/div>\n\t\t\t\t\t\t\t\t\t\t\t<div class=\"elementor-gallery-item__overlay\"><\/div>\n\t\t\t\t\t\t\t\t\t\t\t\t\t\t<\/a>\n\t\t\t\t\t\t\t<a class=\"e-gallery-item elementor-gallery-item elementor-animated-content\" href=\"https:\/\/www.nscicmimarlik.com\/wp-content\/uploads\/2024\/02\/FREEZMAK-IDARI-BINA-TASARIMI-9.webp\" data-elementor-open-lightbox=\"yes\" data-elementor-lightbox-slideshow=\"4c36164\" data-elementor-lightbox-title=\"FREEZMAK \u0130DAR\u0130 B\u0130NA TASARIMI 9\" data-e-action-hash=\"#elementor-action%3Aaction%3Dlightbox%26settings%3DeyJpZCI6MzkyLCJ1cmwiOiJodHRwczpcL1wvd3d3Lm5zY2ljbWltYXJsaWsuY29tXC93cC1jb250ZW50XC91cGxvYWRzXC8yMDI0XC8wMlwvRlJFRVpNQUstSURBUkktQklOQS1UQVNBUklNSS05LndlYnAiLCJzbGlkZXNob3ciOiI0YzM2MTY0In0%3D\">\n\t\t\t\t\t<div class=\"e-gallery-image elementor-gallery-item__image\" data-thumbnail=\"https:\/\/www.nscicmimarlik.com\/wp-content\/uploads\/2024\/02\/FREEZMAK-IDARI-BINA-TASARIMI-9.webp\" data-width=\"1600\" data-height=\"1056\" aria-label=\"\" role=\"img\" ><\/div>\n\t\t\t\t\t\t\t\t\t\t\t<div class=\"elementor-gallery-item__overlay\"><\/div>\n\t\t\t\t\t\t\t\t\t\t\t\t\t\t<\/a>\n\t\t\t\t\t\t\t<a class=\"e-gallery-item elementor-gallery-item elementor-animated-content\" href=\"https:\/\/www.nscicmimarlik.com\/wp-content\/uploads\/2024\/02\/FREEZMAK-IDARI-BINA-TASARIMI-8.webp\" data-elementor-open-lightbox=\"yes\" data-elementor-lightbox-slideshow=\"4c36164\" data-elementor-lightbox-title=\"FREEZMAK \u0130DAR\u0130 B\u0130NA TASARIMI 8\" data-e-action-hash=\"#elementor-action%3Aaction%3Dlightbox%26settings%3DeyJpZCI6MzkxLCJ1cmwiOiJodHRwczpcL1wvd3d3Lm5zY2ljbWltYXJsaWsuY29tXC93cC1jb250ZW50XC91cGxvYWRzXC8yMDI0XC8wMlwvRlJFRVpNQUstSURBUkktQklOQS1UQVNBUklNSS04LndlYnAiLCJzbGlkZXNob3ciOiI0YzM2MTY0In0%3D\">\n\t\t\t\t\t<div class=\"e-gallery-image elementor-gallery-item__image\" data-thumbnail=\"https:\/\/www.nscicmimarlik.com\/wp-content\/uploads\/2024\/02\/FREEZMAK-IDARI-BINA-TASARIMI-8.webp\" data-width=\"1600\" data-height=\"1122\" aria-label=\"\" role=\"img\" ><\/div>\n\t\t\t\t\t\t\t\t\t\t\t<div class=\"elementor-gallery-item__overlay\"><\/div>\n\t\t\t\t\t\t\t\t\t\t\t\t\t\t<\/a>\n\t\t\t\t\t\t\t<a class=\"e-gallery-item elementor-gallery-item elementor-animated-content\" href=\"https:\/\/www.nscicmimarlik.com\/wp-content\/uploads\/2024\/02\/FREEZMAK-IDARI-BINA-TASARIMI-7.webp\" data-elementor-open-lightbox=\"yes\" data-elementor-lightbox-slideshow=\"4c36164\" data-elementor-lightbox-title=\"FREEZMAK \u0130DAR\u0130 B\u0130NA TASARIMI 7\" data-e-action-hash=\"#elementor-action%3Aaction%3Dlightbox%26settings%3DeyJpZCI6MzkwLCJ1cmwiOiJodHRwczpcL1wvd3d3Lm5zY2ljbWltYXJsaWsuY29tXC93cC1jb250ZW50XC91cGxvYWRzXC8yMDI0XC8wMlwvRlJFRVpNQUstSURBUkktQklOQS1UQVNBUklNSS03LndlYnAiLCJzbGlkZXNob3ciOiI0YzM2MTY0In0%3D\">\n\t\t\t\t\t<div class=\"e-gallery-image elementor-gallery-item__image\" data-thumbnail=\"https:\/\/www.nscicmimarlik.com\/wp-content\/uploads\/2024\/02\/FREEZMAK-IDARI-BINA-TASARIMI-7.webp\" data-width=\"1600\" data-height=\"1065\" aria-label=\"\" role=\"img\" ><\/div>\n\t\t\t\t\t\t\t\t\t\t\t<div class=\"elementor-gallery-item__overlay\"><\/div>\n\t\t\t\t\t\t\t\t\t\t\t\t\t\t<\/a>\n\t\t\t\t\t\t\t<a class=\"e-gallery-item elementor-gallery-item elementor-animated-content\" href=\"https:\/\/www.nscicmimarlik.com\/wp-content\/uploads\/2024\/02\/FREEZMAK-IDARI-BINA-TASARIMI-6.webp\" data-elementor-open-lightbox=\"yes\" data-elementor-lightbox-slideshow=\"4c36164\" data-elementor-lightbox-title=\"FREEZMAK \u0130DAR\u0130 B\u0130NA TASARIMI 6\" data-e-action-hash=\"#elementor-action%3Aaction%3Dlightbox%26settings%3DeyJpZCI6Mzg5LCJ1cmwiOiJodHRwczpcL1wvd3d3Lm5zY2ljbWltYXJsaWsuY29tXC93cC1jb250ZW50XC91cGxvYWRzXC8yMDI0XC8wMlwvRlJFRVpNQUstSURBUkktQklOQS1UQVNBUklNSS02LndlYnAiLCJzbGlkZXNob3ciOiI0YzM2MTY0In0%3D\">\n\t\t\t\t\t<div class=\"e-gallery-image elementor-gallery-item__image\" data-thumbnail=\"https:\/\/www.nscicmimarlik.com\/wp-content\/uploads\/2024\/02\/FREEZMAK-IDARI-BINA-TASARIMI-6.webp\" data-width=\"1600\" data-height=\"1065\" aria-label=\"\" role=\"img\" ><\/div>\n\t\t\t\t\t\t\t\t\t\t\t<div class=\"elementor-gallery-item__overlay\"><\/div>\n\t\t\t\t\t\t\t\t\t\t\t\t\t\t<\/a>\n\t\t\t\t\t\t\t<a class=\"e-gallery-item elementor-gallery-item elementor-animated-content\" href=\"https:\/\/www.nscicmimarlik.com\/wp-content\/uploads\/2024\/02\/FREEZMAK-IDARI-BINA-TASARIMI-5.webp\" data-elementor-open-lightbox=\"yes\" data-elementor-lightbox-slideshow=\"4c36164\" data-elementor-lightbox-title=\"FREEZMAK \u0130DAR\u0130 B\u0130NA TASARIMI 5\" data-e-action-hash=\"#elementor-action%3Aaction%3Dlightbox%26settings%3DeyJpZCI6Mzg4LCJ1cmwiOiJodHRwczpcL1wvd3d3Lm5zY2ljbWltYXJsaWsuY29tXC93cC1jb250ZW50XC91cGxvYWRzXC8yMDI0XC8wMlwvRlJFRVpNQUstSURBUkktQklOQS1UQVNBUklNSS01LndlYnAiLCJzbGlkZXNob3ciOiI0YzM2MTY0In0%3D\">\n\t\t\t\t\t<div class=\"e-gallery-image elementor-gallery-item__image\" data-thumbnail=\"https:\/\/www.nscicmimarlik.com\/wp-content\/uploads\/2024\/02\/FREEZMAK-IDARI-BINA-TASARIMI-5.webp\" data-width=\"1600\" data-height=\"1122\" aria-label=\"\" role=\"img\" ><\/div>\n\t\t\t\t\t\t\t\t\t\t\t<div class=\"elementor-gallery-item__overlay\"><\/div>\n\t\t\t\t\t\t\t\t\t\t\t\t\t\t<\/a>\n\t\t\t\t\t\t\t<a class=\"e-gallery-item elementor-gallery-item elementor-animated-content\" href=\"https:\/\/www.nscicmimarlik.com\/wp-content\/uploads\/2024\/02\/FREEZMAK-IDARI-BINA-TASARIMI-4.webp\" data-elementor-open-lightbox=\"yes\" data-elementor-lightbox-slideshow=\"4c36164\" data-elementor-lightbox-title=\"FREEZMAK \u0130DAR\u0130 B\u0130NA TASARIMI 4\" data-e-action-hash=\"#elementor-action%3Aaction%3Dlightbox%26settings%3DeyJpZCI6Mzg3LCJ1cmwiOiJodHRwczpcL1wvd3d3Lm5zY2ljbWltYXJsaWsuY29tXC93cC1jb250ZW50XC91cGxvYWRzXC8yMDI0XC8wMlwvRlJFRVpNQUstSURBUkktQklOQS1UQVNBUklNSS00LndlYnAiLCJzbGlkZXNob3ciOiI0YzM2MTY0In0%3D\">\n\t\t\t\t\t<div class=\"e-gallery-image elementor-gallery-item__image\" data-thumbnail=\"https:\/\/www.nscicmimarlik.com\/wp-content\/uploads\/2024\/02\/FREEZMAK-IDARI-BINA-TASARIMI-4.webp\" data-width=\"1600\" data-height=\"1122\" aria-label=\"\" role=\"img\" ><\/div>\n\t\t\t\t\t\t\t\t\t\t\t<div class=\"elementor-gallery-item__overlay\"><\/div>\n\t\t\t\t\t\t\t\t\t\t\t\t\t\t<\/a>\n\t\t\t\t\t\t\t<a class=\"e-gallery-item elementor-gallery-item elementor-animated-content\" href=\"https:\/\/www.nscicmimarlik.com\/wp-content\/uploads\/2024\/02\/FREEZMAK-IDARI-BINA-TASARIMI-3.webp\" data-elementor-open-lightbox=\"yes\" data-elementor-lightbox-slideshow=\"4c36164\" data-elementor-lightbox-title=\"FREEZMAK \u0130DAR\u0130 B\u0130NA TASARIMI 3\" data-e-action-hash=\"#elementor-action%3Aaction%3Dlightbox%26settings%3DeyJpZCI6Mzg2LCJ1cmwiOiJodHRwczpcL1wvd3d3Lm5zY2ljbWltYXJsaWsuY29tXC93cC1jb250ZW50XC91cGxvYWRzXC8yMDI0XC8wMlwvRlJFRVpNQUstSURBUkktQklOQS1UQVNBUklNSS0zLndlYnAiLCJzbGlkZXNob3ciOiI0YzM2MTY0In0%3D\">\n\t\t\t\t\t<div class=\"e-gallery-image elementor-gallery-item__image\" data-thumbnail=\"https:\/\/www.nscicmimarlik.com\/wp-content\/uploads\/2024\/02\/FREEZMAK-IDARI-BINA-TASARIMI-3.webp\" data-width=\"1600\" data-height=\"1065\" aria-label=\"\" role=\"img\" ><\/div>\n\t\t\t\t\t\t\t\t\t\t\t<div class=\"elementor-gallery-item__overlay\"><\/div>\n\t\t\t\t\t\t\t\t\t\t\t\t\t\t<\/a>\n\t\t\t\t\t\t\t<a class=\"e-gallery-item elementor-gallery-item elementor-animated-content\" href=\"https:\/\/www.nscicmimarlik.com\/wp-content\/uploads\/2024\/02\/FREEZMAK-IDARI-BINA-TASARIMI-2.webp\" data-elementor-open-lightbox=\"yes\" data-elementor-lightbox-slideshow=\"4c36164\" data-elementor-lightbox-title=\"FREEZMAK \u0130DAR\u0130 B\u0130NA TASARIMI 2\" data-e-action-hash=\"#elementor-action%3Aaction%3Dlightbox%26settings%3DeyJpZCI6Mzg1LCJ1cmwiOiJodHRwczpcL1wvd3d3Lm5zY2ljbWltYXJsaWsuY29tXC93cC1jb250ZW50XC91cGxvYWRzXC8yMDI0XC8wMlwvRlJFRVpNQUstSURBUkktQklOQS1UQVNBUklNSS0yLndlYnAiLCJzbGlkZXNob3ciOiI0YzM2MTY0In0%3D\">\n\t\t\t\t\t<div class=\"e-gallery-image elementor-gallery-item__image\" data-thumbnail=\"https:\/\/www.nscicmimarlik.com\/wp-content\/uploads\/2024\/02\/FREEZMAK-IDARI-BINA-TASARIMI-2.webp\" data-width=\"1600\" data-height=\"1065\" aria-label=\"\" role=\"img\" ><\/div>\n\t\t\t\t\t\t\t\t\t\t\t<div class=\"elementor-gallery-item__overlay\"><\/div>\n\t\t\t\t\t\t\t\t\t\t\t\t\t\t<\/a>\n\t\t\t\t\t\t\t<a class=\"e-gallery-item elementor-gallery-item elementor-animated-content\" href=\"https:\/\/www.nscicmimarlik.com\/wp-content\/uploads\/2024\/02\/FREEZMAK-IDARI-BINA-TASARIMI-1.webp\" data-elementor-open-lightbox=\"yes\" data-elementor-lightbox-slideshow=\"4c36164\" data-elementor-lightbox-title=\"FREEZMAK \u0130DAR\u0130 B\u0130NA TASARIMI 1\" data-e-action-hash=\"#elementor-action%3Aaction%3Dlightbox%26settings%3DeyJpZCI6Mzg0LCJ1cmwiOiJodHRwczpcL1wvd3d3Lm5zY2ljbWltYXJsaWsuY29tXC93cC1jb250ZW50XC91cGxvYWRzXC8yMDI0XC8wMlwvRlJFRVpNQUstSURBUkktQklOQS1UQVNBUklNSS0xLndlYnAiLCJzbGlkZXNob3ciOiI0YzM2MTY0In0%3D\">\n\t\t\t\t\t<div class=\"e-gallery-image elementor-gallery-item__image\" data-thumbnail=\"https:\/\/www.nscicmimarlik.com\/wp-content\/uploads\/2024\/02\/FREEZMAK-IDARI-BINA-TASARIMI-1.webp\" data-width=\"1600\" data-height=\"1244\" aria-label=\"\" role=\"img\" ><\/div>\n\t\t\t\t\t\t\t\t\t\t\t<div class=\"elementor-gallery-item__overlay\"><\/div>\n\t\t\t\t\t\t\t\t\t\t\t\t\t\t<\/a>\n\t\t\t\t\t<\/div>\n\t\t\t\t\t<\/div>\n\t\t\t\t<\/div>\n\t\t\t\t\t<\/div>\n\t\t<\/div>\n\t\t\t\t\t<\/div>\n\t\t<\/section>\n\t\t\t\t<\/div>\n\t\t","protected":false},"excerpt":{"rendered":"<p>2024 \u0130\u00e7 Mekan 500+ Konya \u00c7umra OSB<\/p>\n","protected":false},"author":1,"featured_media":0,"parent":0,"menu_order":0,"comment_status":"closed","ping_status":"closed","template":"","meta":{"footnotes":""},"class_list":["post-487","page","type-page","status-publish","hentry"],"_links":{"self":[{"href":"https:\/\/www.nscicmimarlik.com\/index.php\/wp-json\/wp\/v2\/pages\/487","targetHints":{"allow":["GET"]}}],"collection":[{"href":"https:\/\/www.nscicmimarlik.com\/index.php\/wp-json\/wp\/v2\/pages"}],"about":[{"href":"https:\/\/www.nscicmimarlik.com\/index.php\/wp-json\/wp\/v2\/types\/page"}],"author":[{"embeddable":true,"href":"https:\/\/www.nscicmimarlik.com\/index.php\/wp-json\/wp\/v2\/users\/1"}],"replies":[{"embeddable":true,"href":"https:\/\/www.nscicmimarlik.com\/index.php\/wp-json\/wp\/v2\/comments?post=487"}],"version-history":[{"count":19,"href":"https:\/\/www.nscicmimarlik.com\/index.php\/wp-json\/wp\/v2\/pages\/487\/revisions"}],"predecessor-version":[{"id":673,"href":"https:\/\/www.nscicmimarlik.com\/index.php\/wp-json\/wp\/v2\/pages\/487\/revisions\/673"}],"wp:attachment":[{"href":"https:\/\/www.nscicmimarlik.com\/index.php\/wp-json\/wp\/v2\/media?parent=487"}],"curies":[{"name":"wp","href":"https:\/\/api.w.org\/{rel}","templated":true}]}}