{"id":180,"date":"2024-02-28T13:30:48","date_gmt":"2024-02-28T10:30:48","guid":{"rendered":"https:\/\/www.nscicmimarlik.com\/index.php\/project\/"},"modified":"2024-03-02T16:14:07","modified_gmt":"2024-03-02T13:14:07","slug":"projeler","status":"publish","type":"page","link":"https:\/\/www.nscicmimarlik.com\/index.php\/projeler\/","title":{"rendered":"Projeler"},"content":{"rendered":"\t\t<div data-elementor-type=\"wp-page\" data-elementor-id=\"180\" class=\"elementor elementor-180\" data-elementor-post-type=\"page\">\n\t\t\t\t\t\t<section class=\"elementor-section elementor-top-section elementor-element elementor-element-ec01efa elementor-section-height-min-height elementor-section-boxed elementor-section-height-default elementor-section-items-middle\" data-id=\"ec01efa\" data-element_type=\"section\" data-e-type=\"section\" data-settings=\"{&quot;background_background&quot;:&quot;gradient&quot;}\">\n\t\t\t\t\t\t\t<div class=\"elementor-background-overlay\"><\/div>\n\t\t\t\t\t\t\t<div class=\"elementor-container elementor-column-gap-default\">\n\t\t\t\t\t<div class=\"elementor-column elementor-col-100 elementor-top-column elementor-element elementor-element-cf0b3aa\" data-id=\"cf0b3aa\" data-element_type=\"column\" data-e-type=\"column\">\n\t\t\t<div class=\"elementor-widget-wrap\">\n\t\t\t\t\t\t\t<\/div>\n\t\t<\/div>\n\t\t\t\t\t<\/div>\n\t\t<\/section>\n\t\t<div class=\"elementor-element elementor-element-7319318 e-flex e-con-boxed e-con e-parent\" data-id=\"7319318\" data-element_type=\"container\" data-e-type=\"container\" data-settings=\"{&quot;background_background&quot;:&quot;classic&quot;}\">\n\t\t\t\t\t<div class=\"e-con-inner\">\n\t\t<div class=\"elementor-element elementor-element-f32ba76 e-con-full e-flex e-con e-child\" data-id=\"f32ba76\" data-element_type=\"container\" data-e-type=\"container\">\n\t\t\t\t<div class=\"elementor-element elementor-element-5f2b8c7 elementor-position-top elementor-widget elementor-widget-image-box\" data-id=\"5f2b8c7\" data-element_type=\"widget\" data-e-type=\"widget\" data-widget_type=\"image-box.default\">\n\t\t\t\t<div class=\"elementor-widget-container\">\n\t\t\t\t\t<div class=\"elementor-image-box-wrapper\"><figure class=\"elementor-image-box-img\"><a href=\"https:\/\/www.nscicmimarlik.com\/index.php\/bak-bu-gross\/\" tabindex=\"-1\"><img fetchpriority=\"high\" decoding=\"async\" width=\"1600\" height=\"900\" src=\"https:\/\/www.nscicmimarlik.com\/wp-content\/uploads\/2024\/02\/BAK-BU-GROSS-CEPHE-TASARIMI-2.webp\" class=\"elementor-animation-bob attachment-full size-full wp-image-368\" alt=\"\" srcset=\"https:\/\/www.nscicmimarlik.com\/wp-content\/uploads\/2024\/02\/BAK-BU-GROSS-CEPHE-TASARIMI-2.webp 1600w, https:\/\/www.nscicmimarlik.com\/wp-content\/uploads\/2024\/02\/BAK-BU-GROSS-CEPHE-TASARIMI-2-300x169.webp 300w, https:\/\/www.nscicmimarlik.com\/wp-content\/uploads\/2024\/02\/BAK-BU-GROSS-CEPHE-TASARIMI-2-1024x576.webp 1024w, https:\/\/www.nscicmimarlik.com\/wp-content\/uploads\/2024\/02\/BAK-BU-GROSS-CEPHE-TASARIMI-2-768x432.webp 768w, https:\/\/www.nscicmimarlik.com\/wp-content\/uploads\/2024\/02\/BAK-BU-GROSS-CEPHE-TASARIMI-2-1536x864.webp 1536w\" sizes=\"(max-width: 1600px) 100vw, 1600px\" \/><\/a><\/figure><div class=\"elementor-image-box-content\"><h3 class=\"elementor-image-box-title\"><a href=\"https:\/\/www.nscicmimarlik.com\/index.php\/bak-bu-gross\/\">Bak Bu Gross<\/a><\/h3><p class=\"elementor-image-box-description\">Ma\u011faza<\/p><\/div><\/div>\t\t\t\t<\/div>\n\t\t\t\t<\/div>\n\t\t\t\t<\/div>\n\t\t<div class=\"elementor-element elementor-element-4c22f58 e-con-full e-flex e-con e-child\" data-id=\"4c22f58\" data-element_type=\"container\" data-e-type=\"container\">\n\t\t\t\t<div class=\"elementor-element elementor-element-6afd51b elementor-position-top elementor-widget elementor-widget-image-box\" data-id=\"6afd51b\" data-element_type=\"widget\" data-e-type=\"widget\" data-widget_type=\"image-box.default\">\n\t\t\t\t<div class=\"elementor-widget-container\">\n\t\t\t\t\t<div class=\"elementor-image-box-wrapper\"><figure class=\"elementor-image-box-img\"><a href=\"https:\/\/www.nscicmimarlik.com\/index.php\/elbasi\" tabindex=\"-1\"><img decoding=\"async\" width=\"1000\" height=\"578\" src=\"https:\/\/www.nscicmimarlik.com\/wp-content\/uploads\/2024\/02\/ELBASI-MAKAM-ODASI-TASARIMI-1.webp\" class=\"elementor-animation-bob attachment-full size-full wp-image-377\" alt=\"\" srcset=\"https:\/\/www.nscicmimarlik.com\/wp-content\/uploads\/2024\/02\/ELBASI-MAKAM-ODASI-TASARIMI-1.webp 1000w, https:\/\/www.nscicmimarlik.com\/wp-content\/uploads\/2024\/02\/ELBASI-MAKAM-ODASI-TASARIMI-1-300x173.webp 300w, https:\/\/www.nscicmimarlik.com\/wp-content\/uploads\/2024\/02\/ELBASI-MAKAM-ODASI-TASARIMI-1-768x444.webp 768w\" sizes=\"(max-width: 1000px) 100vw, 1000px\" \/><\/a><\/figure><div class=\"elementor-image-box-content\"><h3 class=\"elementor-image-box-title\"><a href=\"https:\/\/www.nscicmimarlik.com\/index.php\/elbasi\">Elba\u015f\u0131<\/a><\/h3><p class=\"elementor-image-box-description\">\u0130dari<\/p><\/div><\/div>\t\t\t\t<\/div>\n\t\t\t\t<\/div>\n\t\t\t\t<\/div>\n\t\t<div class=\"elementor-element elementor-element-3d72cbf e-con-full e-flex e-con e-child\" data-id=\"3d72cbf\" data-element_type=\"container\" data-e-type=\"container\">\n\t\t\t\t<div class=\"elementor-element elementor-element-4f273fc elementor-position-top elementor-widget elementor-widget-image-box\" data-id=\"4f273fc\" data-element_type=\"widget\" data-e-type=\"widget\" data-widget_type=\"image-box.default\">\n\t\t\t\t<div class=\"elementor-widget-container\">\n\t\t\t\t\t<div class=\"elementor-image-box-wrapper\"><figure class=\"elementor-image-box-img\"><a href=\"https:\/\/www.nscicmimarlik.com\/index.php\/fayton-kuruyemis\" tabindex=\"-1\"><img decoding=\"async\" width=\"1600\" height=\"899\" src=\"https:\/\/www.nscicmimarlik.com\/wp-content\/uploads\/2024\/02\/FAYTON-KURUYEMIS-MAGAZA-TASARIMI-2.webp\" class=\"elementor-animation-bob attachment-full size-full wp-image-381\" alt=\"\" srcset=\"https:\/\/www.nscicmimarlik.com\/wp-content\/uploads\/2024\/02\/FAYTON-KURUYEMIS-MAGAZA-TASARIMI-2.webp 1600w, https:\/\/www.nscicmimarlik.com\/wp-content\/uploads\/2024\/02\/FAYTON-KURUYEMIS-MAGAZA-TASARIMI-2-300x169.webp 300w, https:\/\/www.nscicmimarlik.com\/wp-content\/uploads\/2024\/02\/FAYTON-KURUYEMIS-MAGAZA-TASARIMI-2-1024x575.webp 1024w, https:\/\/www.nscicmimarlik.com\/wp-content\/uploads\/2024\/02\/FAYTON-KURUYEMIS-MAGAZA-TASARIMI-2-768x432.webp 768w, https:\/\/www.nscicmimarlik.com\/wp-content\/uploads\/2024\/02\/FAYTON-KURUYEMIS-MAGAZA-TASARIMI-2-1536x863.webp 1536w\" sizes=\"(max-width: 1600px) 100vw, 1600px\" \/><\/a><\/figure><div class=\"elementor-image-box-content\"><h3 class=\"elementor-image-box-title\"><a href=\"https:\/\/www.nscicmimarlik.com\/index.php\/fayton-kuruyemis\">Fayton Kuruyemi\u015f<\/a><\/h3><p class=\"elementor-image-box-description\">Ma\u011faza<\/p><\/div><\/div>\t\t\t\t<\/div>\n\t\t\t\t<\/div>\n\t\t\t\t<\/div>\n\t\t<div class=\"elementor-element elementor-element-4fedd75 e-con-full e-flex e-con e-child\" data-id=\"4fedd75\" data-element_type=\"container\" data-e-type=\"container\">\n\t\t\t\t<div class=\"elementor-element elementor-element-1be96f6 elementor-position-top elementor-widget elementor-widget-image-box\" data-id=\"1be96f6\" data-element_type=\"widget\" data-e-type=\"widget\" data-widget_type=\"image-box.default\">\n\t\t\t\t<div class=\"elementor-widget-container\">\n\t\t\t\t\t<div class=\"elementor-image-box-wrapper\"><figure class=\"elementor-image-box-img\"><a href=\"https:\/\/www.nscicmimarlik.com\/index.php\/bkr-motors\" tabindex=\"-1\"><img loading=\"lazy\" decoding=\"async\" width=\"1600\" height=\"1120\" src=\"https:\/\/www.nscicmimarlik.com\/wp-content\/uploads\/2024\/02\/BKR-MOTORS-OTO-GALERI-TASARIMI-1.webp\" class=\"elementor-animation-bob attachment-full size-full wp-image-372\" alt=\"\" srcset=\"https:\/\/www.nscicmimarlik.com\/wp-content\/uploads\/2024\/02\/BKR-MOTORS-OTO-GALERI-TASARIMI-1.webp 1600w, https:\/\/www.nscicmimarlik.com\/wp-content\/uploads\/2024\/02\/BKR-MOTORS-OTO-GALERI-TASARIMI-1-300x210.webp 300w, https:\/\/www.nscicmimarlik.com\/wp-content\/uploads\/2024\/02\/BKR-MOTORS-OTO-GALERI-TASARIMI-1-1024x717.webp 1024w, https:\/\/www.nscicmimarlik.com\/wp-content\/uploads\/2024\/02\/BKR-MOTORS-OTO-GALERI-TASARIMI-1-768x538.webp 768w, https:\/\/www.nscicmimarlik.com\/wp-content\/uploads\/2024\/02\/BKR-MOTORS-OTO-GALERI-TASARIMI-1-1536x1075.webp 1536w\" sizes=\"(max-width: 1600px) 100vw, 1600px\" \/><\/a><\/figure><div class=\"elementor-image-box-content\"><h3 class=\"elementor-image-box-title\"><a href=\"https:\/\/www.nscicmimarlik.com\/index.php\/bkr-motors\">BKR Motors<\/a><\/h3><p class=\"elementor-image-box-description\">Galeri<\/p><\/div><\/div>\t\t\t\t<\/div>\n\t\t\t\t<\/div>\n\t\t\t\t<\/div>\n\t\t<div class=\"elementor-element elementor-element-ac4f65f e-con-full e-flex e-con e-child\" data-id=\"ac4f65f\" data-element_type=\"container\" data-e-type=\"container\">\n\t\t\t\t<div class=\"elementor-element elementor-element-8413cfd elementor-position-top elementor-widget elementor-widget-image-box\" data-id=\"8413cfd\" data-element_type=\"widget\" data-e-type=\"widget\" data-widget_type=\"image-box.default\">\n\t\t\t\t<div class=\"elementor-widget-container\">\n\t\t\t\t\t<div class=\"elementor-image-box-wrapper\"><figure class=\"elementor-image-box-img\"><a href=\"https:\/\/www.nscicmimarlik.com\/index.php\/freezmak\" tabindex=\"-1\"><img loading=\"lazy\" decoding=\"async\" width=\"1600\" height=\"1065\" src=\"https:\/\/www.nscicmimarlik.com\/wp-content\/uploads\/2024\/02\/FREEZMAK-IDARI-BINA-TASARIMI-3.webp\" class=\"elementor-animation-bob attachment-full size-full wp-image-386\" alt=\"\" srcset=\"https:\/\/www.nscicmimarlik.com\/wp-content\/uploads\/2024\/02\/FREEZMAK-IDARI-BINA-TASARIMI-3.webp 1600w, https:\/\/www.nscicmimarlik.com\/wp-content\/uploads\/2024\/02\/FREEZMAK-IDARI-BINA-TASARIMI-3-300x200.webp 300w, https:\/\/www.nscicmimarlik.com\/wp-content\/uploads\/2024\/02\/FREEZMAK-IDARI-BINA-TASARIMI-3-1024x682.webp 1024w, https:\/\/www.nscicmimarlik.com\/wp-content\/uploads\/2024\/02\/FREEZMAK-IDARI-BINA-TASARIMI-3-768x511.webp 768w, https:\/\/www.nscicmimarlik.com\/wp-content\/uploads\/2024\/02\/FREEZMAK-IDARI-BINA-TASARIMI-3-1536x1022.webp 1536w\" sizes=\"(max-width: 1600px) 100vw, 1600px\" \/><\/a><\/figure><div class=\"elementor-image-box-content\"><h3 class=\"elementor-image-box-title\"><a href=\"https:\/\/www.nscicmimarlik.com\/index.php\/freezmak\">Freezmak<\/a><\/h3><p class=\"elementor-image-box-description\">\u0130dari Bina<\/p><\/div><\/div>\t\t\t\t<\/div>\n\t\t\t\t<\/div>\n\t\t\t\t<\/div>\n\t\t<div class=\"elementor-element elementor-element-f5cb124 e-con-full e-flex e-con e-child\" data-id=\"f5cb124\" data-element_type=\"container\" data-e-type=\"container\">\n\t\t\t\t<div class=\"elementor-element elementor-element-93fbeb5 elementor-position-top elementor-widget elementor-widget-image-box\" data-id=\"93fbeb5\" data-element_type=\"widget\" data-e-type=\"widget\" data-widget_type=\"image-box.default\">\n\t\t\t\t<div class=\"elementor-widget-container\">\n\t\t\t\t\t<div class=\"elementor-image-box-wrapper\"><figure class=\"elementor-image-box-img\"><a href=\"https:\/\/www.nscicmimarlik.com\/index.php\/hayat-veterinerlik\" tabindex=\"-1\"><img loading=\"lazy\" decoding=\"async\" width=\"1600\" height=\"1066\" src=\"https:\/\/www.nscicmimarlik.com\/wp-content\/uploads\/2024\/02\/HAYAT-VETERINER-KLINIGI-TASARIMI-1.webp\" class=\"elementor-animation-bob attachment-full size-full wp-image-395\" alt=\"\" srcset=\"https:\/\/www.nscicmimarlik.com\/wp-content\/uploads\/2024\/02\/HAYAT-VETERINER-KLINIGI-TASARIMI-1.webp 1600w, https:\/\/www.nscicmimarlik.com\/wp-content\/uploads\/2024\/02\/HAYAT-VETERINER-KLINIGI-TASARIMI-1-300x200.webp 300w, https:\/\/www.nscicmimarlik.com\/wp-content\/uploads\/2024\/02\/HAYAT-VETERINER-KLINIGI-TASARIMI-1-1024x682.webp 1024w, https:\/\/www.nscicmimarlik.com\/wp-content\/uploads\/2024\/02\/HAYAT-VETERINER-KLINIGI-TASARIMI-1-768x512.webp 768w, https:\/\/www.nscicmimarlik.com\/wp-content\/uploads\/2024\/02\/HAYAT-VETERINER-KLINIGI-TASARIMI-1-1536x1023.webp 1536w\" sizes=\"(max-width: 1600px) 100vw, 1600px\" \/><\/a><\/figure><div class=\"elementor-image-box-content\"><h3 class=\"elementor-image-box-title\"><a href=\"https:\/\/www.nscicmimarlik.com\/index.php\/hayat-veterinerlik\">Hayat Veterinerlik<\/a><\/h3><p class=\"elementor-image-box-description\">Klinik<\/p><\/div><\/div>\t\t\t\t<\/div>\n\t\t\t\t<\/div>\n\t\t\t\t<\/div>\n\t\t<div class=\"elementor-element elementor-element-6e44f2b e-con-full e-flex e-con e-child\" data-id=\"6e44f2b\" data-element_type=\"container\" data-e-type=\"container\">\n\t\t\t\t<div class=\"elementor-element elementor-element-02ee2e2 elementor-position-top elementor-widget elementor-widget-image-box\" data-id=\"02ee2e2\" data-element_type=\"widget\" data-e-type=\"widget\" data-widget_type=\"image-box.default\">\n\t\t\t\t<div class=\"elementor-widget-container\">\n\t\t\t\t\t<div class=\"elementor-image-box-wrapper\"><figure class=\"elementor-image-box-img\"><a href=\"https:\/\/www.nscicmimarlik.com\/index.php\/loft-city-42\" tabindex=\"-1\"><img loading=\"lazy\" decoding=\"async\" width=\"1600\" height=\"900\" src=\"https:\/\/www.nscicmimarlik.com\/wp-content\/uploads\/2024\/02\/LOFT-CITY-42-BUTIK-OTEL-TASARIMI-19.webp\" class=\"elementor-animation-bob attachment-full size-full wp-image-416\" alt=\"\" srcset=\"https:\/\/www.nscicmimarlik.com\/wp-content\/uploads\/2024\/02\/LOFT-CITY-42-BUTIK-OTEL-TASARIMI-19.webp 1600w, https:\/\/www.nscicmimarlik.com\/wp-content\/uploads\/2024\/02\/LOFT-CITY-42-BUTIK-OTEL-TASARIMI-19-300x169.webp 300w, https:\/\/www.nscicmimarlik.com\/wp-content\/uploads\/2024\/02\/LOFT-CITY-42-BUTIK-OTEL-TASARIMI-19-1024x576.webp 1024w, https:\/\/www.nscicmimarlik.com\/wp-content\/uploads\/2024\/02\/LOFT-CITY-42-BUTIK-OTEL-TASARIMI-19-768x432.webp 768w, https:\/\/www.nscicmimarlik.com\/wp-content\/uploads\/2024\/02\/LOFT-CITY-42-BUTIK-OTEL-TASARIMI-19-1536x864.webp 1536w\" sizes=\"(max-width: 1600px) 100vw, 1600px\" \/><\/a><\/figure><div class=\"elementor-image-box-content\"><h3 class=\"elementor-image-box-title\"><a href=\"https:\/\/www.nscicmimarlik.com\/index.php\/loft-city-42\">Loft City 42<\/a><\/h3><p class=\"elementor-image-box-description\">Butik Otel<\/p><\/div><\/div>\t\t\t\t<\/div>\n\t\t\t\t<\/div>\n\t\t\t\t<\/div>\n\t\t<div class=\"elementor-element elementor-element-c963fa4 e-con-full e-flex e-con e-child\" data-id=\"c963fa4\" data-element_type=\"container\" data-e-type=\"container\">\n\t\t\t\t<div class=\"elementor-element elementor-element-094ffad elementor-position-top elementor-widget elementor-widget-image-box\" data-id=\"094ffad\" data-element_type=\"widget\" data-e-type=\"widget\" data-widget_type=\"image-box.default\">\n\t\t\t\t<div class=\"elementor-widget-container\">\n\t\t\t\t\t<div class=\"elementor-image-box-wrapper\"><figure class=\"elementor-image-box-img\"><a href=\"https:\/\/www.nscicmimarlik.com\/index.php\/oto-experim\" tabindex=\"-1\"><img loading=\"lazy\" decoding=\"async\" width=\"1600\" height=\"960\" src=\"https:\/\/www.nscicmimarlik.com\/wp-content\/uploads\/2024\/02\/OTO-EXPERIM-BAYI-TASARIMI-3.webp\" class=\"elementor-animation-bob attachment-full size-full wp-image-421\" alt=\"\" srcset=\"https:\/\/www.nscicmimarlik.com\/wp-content\/uploads\/2024\/02\/OTO-EXPERIM-BAYI-TASARIMI-3.webp 1600w, https:\/\/www.nscicmimarlik.com\/wp-content\/uploads\/2024\/02\/OTO-EXPERIM-BAYI-TASARIMI-3-300x180.webp 300w, https:\/\/www.nscicmimarlik.com\/wp-content\/uploads\/2024\/02\/OTO-EXPERIM-BAYI-TASARIMI-3-1024x614.webp 1024w, https:\/\/www.nscicmimarlik.com\/wp-content\/uploads\/2024\/02\/OTO-EXPERIM-BAYI-TASARIMI-3-768x461.webp 768w, https:\/\/www.nscicmimarlik.com\/wp-content\/uploads\/2024\/02\/OTO-EXPERIM-BAYI-TASARIMI-3-1536x922.webp 1536w\" sizes=\"(max-width: 1600px) 100vw, 1600px\" \/><\/a><\/figure><div class=\"elementor-image-box-content\"><h3 class=\"elementor-image-box-title\"><a href=\"https:\/\/www.nscicmimarlik.com\/index.php\/oto-experim\">Oto Experim<\/a><\/h3><p class=\"elementor-image-box-description\">\u0130\u015fletme<\/p><\/div><\/div>\t\t\t\t<\/div>\n\t\t\t\t<\/div>\n\t\t\t\t<\/div>\n\t\t<div class=\"elementor-element elementor-element-fc25cb8 e-con-full e-flex e-con e-child\" data-id=\"fc25cb8\" data-element_type=\"container\" data-e-type=\"container\">\n\t\t\t\t<div class=\"elementor-element elementor-element-47b11a7 elementor-position-top elementor-widget elementor-widget-image-box\" data-id=\"47b11a7\" data-element_type=\"widget\" data-e-type=\"widget\" data-widget_type=\"image-box.default\">\n\t\t\t\t<div class=\"elementor-widget-container\">\n\t\t\t\t\t<div class=\"elementor-image-box-wrapper\"><figure class=\"elementor-image-box-img\"><a href=\"https:\/\/www.nscicmimarlik.com\/index.php\/ba-oto-galeri\" tabindex=\"-1\"><img loading=\"lazy\" decoding=\"async\" width=\"2048\" height=\"1152\" src=\"https:\/\/www.nscicmimarlik.com\/wp-content\/uploads\/2024\/02\/OTO-GALERI-TASARIMI-1-1.webp\" class=\"elementor-animation-bob attachment-full size-full wp-image-424\" alt=\"\" srcset=\"https:\/\/www.nscicmimarlik.com\/wp-content\/uploads\/2024\/02\/OTO-GALERI-TASARIMI-1-1.webp 2048w, https:\/\/www.nscicmimarlik.com\/wp-content\/uploads\/2024\/02\/OTO-GALERI-TASARIMI-1-1-300x169.webp 300w, https:\/\/www.nscicmimarlik.com\/wp-content\/uploads\/2024\/02\/OTO-GALERI-TASARIMI-1-1-1024x576.webp 1024w, https:\/\/www.nscicmimarlik.com\/wp-content\/uploads\/2024\/02\/OTO-GALERI-TASARIMI-1-1-768x432.webp 768w, https:\/\/www.nscicmimarlik.com\/wp-content\/uploads\/2024\/02\/OTO-GALERI-TASARIMI-1-1-1536x864.webp 1536w\" sizes=\"(max-width: 2048px) 100vw, 2048px\" \/><\/a><\/figure><div class=\"elementor-image-box-content\"><h3 class=\"elementor-image-box-title\"><a href=\"https:\/\/www.nscicmimarlik.com\/index.php\/ba-oto-galeri\">BA Oto Galeri<\/a><\/h3><p class=\"elementor-image-box-description\">Galeri<\/p><\/div><\/div>\t\t\t\t<\/div>\n\t\t\t\t<\/div>\n\t\t\t\t<\/div>\n\t\t\t\t\t<\/div>\n\t\t\t\t<\/div>\n\t\t\t\t<\/div>\n\t\t","protected":false},"excerpt":{"rendered":"<p>Bak Bu Gross Ma\u011faza Elba\u015f\u0131 \u0130dari Fayton Kuruyemi\u015f Ma\u011faza BKR Motors Galeri Freezmak \u0130dari Bina Hayat Veterinerlik Klinik Loft City 42 Butik Otel Oto Experim \u0130\u015fletme BA Oto Galeri Galeri<\/p>\n","protected":false},"author":1,"featured_media":0,"parent":0,"menu_order":0,"comment_status":"closed","ping_status":"closed","template":"elementor_header_footer","meta":{"footnotes":""},"class_list":["post-180","page","type-page","status-publish","hentry"],"_links":{"self":[{"href":"https:\/\/www.nscicmimarlik.com\/index.php\/wp-json\/wp\/v2\/pages\/180","targetHints":{"allow":["GET"]}}],"collection":[{"href":"https:\/\/www.nscicmimarlik.com\/index.php\/wp-json\/wp\/v2\/pages"}],"about":[{"href":"https:\/\/www.nscicmimarlik.com\/index.php\/wp-json\/wp\/v2\/types\/page"}],"author":[{"embeddable":true,"href":"https:\/\/www.nscicmimarlik.com\/index.php\/wp-json\/wp\/v2\/users\/1"}],"replies":[{"embeddable":true,"href":"https:\/\/www.nscicmimarlik.com\/index.php\/wp-json\/wp\/v2\/comments?post=180"}],"version-history":[{"count":68,"href":"https:\/\/www.nscicmimarlik.com\/index.php\/wp-json\/wp\/v2\/pages\/180\/revisions"}],"predecessor-version":[{"id":701,"href":"https:\/\/www.nscicmimarlik.com\/index.php\/wp-json\/wp\/v2\/pages\/180\/revisions\/701"}],"wp:attachment":[{"href":"https:\/\/www.nscicmimarlik.com\/index.php\/wp-json\/wp\/v2\/media?parent=180"}],"curies":[{"name":"wp","href":"https:\/\/api.w.org\/{rel}","templated":true}]}}